{"id":1493,"date":"2022-12-12T12:15:37","date_gmt":"2022-12-12T12:15:37","guid":{"rendered":"https:\/\/www.spausa.pt\/?post_type=product&#038;p=1493"},"modified":"2024-08-08T11:38:22","modified_gmt":"2024-08-08T11:38:22","slug":"creme-chocolate-liporedutor","status":"publish","type":"product","link":"https:\/\/www.spausa.pt\/_en\/product\/creme-chocolate-liporedutor\/","title":{"rendered":"Liporeductor Chocolate Cream"},"content":{"rendered":"<p><strong>Principais Benef\u00edcios<\/strong><\/p>\n<p style=\"font-weight: 400;\">Pele firme e hidratada, com redu\u00e7\u00e3o dos sinais de celulite e volume*.<\/p>\n<p style=\"font-weight: 400;\">&#8211; Corrige os sinais vis\u00edveis da celulite:<\/p>\n<ul style=\"font-weight: 400;\">\n<li style=\"list-style-type: none;\">\n<ul>\n<li>Aspeto da pele &#8220;casca de laranja&#8221;<\/li>\n<li>Perda de firmeza<\/li>\n<li>Reten\u00e7\u00e3o \u00e1gua<\/li>\n<\/ul>\n<\/li>\n<\/ul>\n<p style=\"font-weight: 400;\">&#8211; Efic\u00e1cia em 60 dias* de aplica\u00e7\u00e3o:<\/p>\n<ul style=\"font-weight: 400;\">\n<li style=\"list-style-type: none;\">\n<ul>\n<li>Redu\u00e7\u00e3o das n\u00e1degas at\u00e9 3 cm<\/li>\n<li>Redu\u00e7\u00e3o das coxas at\u00e9 1 cm<\/li>\n<li>Redu\u00e7\u00e3o da massa gorda at\u00e9 1,4 kg<\/li>\n<li>Aumento da hidrata\u00e7\u00e3o e elasticidade da pele<\/li>\n<\/ul>\n<\/li>\n<\/ul>\n<p style=\"font-weight: 400;\">&#8211; Previne a forma\u00e7\u00e3o de celulite.<\/p>\n<p style=\"font-weight: 400;\">* comprovada por estudos em\u00a0volunt\u00e1rias.<\/p>\n<p><strong>Actives<\/strong><\/p>\n<p style=\"font-weight: 400;\">Cacau, Cafe\u00edna, Extrato de Hera, Carnitina, Extrato de Castanha da \u00cdndia, Carragenina e Gilbardeira<\/p>\n<p style=\"font-weight: 400;\">Sem parabenos,\u00a0Sem \u00f3leos minerais,\u00a0Sem silicones<\/p>\n<p><strong>Aplica\u00e7\u00e3o<\/strong><\/p>\n<ol>\n<li style=\"font-weight: 400;\">Aplicar o Creme Chocolate Liporedutor, uma a duas vezes por dia, localizadamente.<\/li>\n<li style=\"font-weight: 400;\">Massajar suavemente nas \u00e1reas a serem tratadas como coxas, abd\u00f3men, ancas, n\u00e1degas e outras zonas cr\u00edticas, com gestos circulares e ascendentes.<\/li>\n<li style=\"font-weight: 400;\">Ap\u00f3s a aplica\u00e7\u00e3o lavar as m\u00e3os.<\/li>\n<\/ol>\n<p><img decoding=\"async\" class=\"size-medium wp-image-1498 aligncenter\" src=\"https:\/\/www.spausa.pt\/wp-content\/uploads\/2022\/12\/Imagem1-3-300x111.jpg\" alt=\"\" width=\"300\" height=\"111\" srcset=\"https:\/\/www.spausa.pt\/wp-content\/uploads\/2022\/12\/Imagem1-3-300x111.jpg 300w, https:\/\/www.spausa.pt\/wp-content\/uploads\/2022\/12\/Imagem1-3-1024x379.jpg 1024w, https:\/\/www.spausa.pt\/wp-content\/uploads\/2022\/12\/Imagem1-3-768x284.jpg 768w, https:\/\/www.spausa.pt\/wp-content\/uploads\/2022\/12\/Imagem1-3-1536x569.jpg 1536w, https:\/\/www.spausa.pt\/wp-content\/uploads\/2022\/12\/Imagem1-3-600x222.jpg 600w, https:\/\/www.spausa.pt\/wp-content\/uploads\/2022\/12\/Imagem1-3.jpg 1674w\" sizes=\"(max-width: 300px) 100vw, 300px\" \/><strong><span style=\"font-size: 16px;\">Complementares<\/span><\/strong><\/p>\n<p>Para maximizar resultados, poder\u00e1 ser combinado com o\u00a0Gel T\u00e9rmico Inov\u00a0e o\u00a0Gel Hipot\u00e9rmico Inov.<\/p>","protected":false},"excerpt":{"rendered":"<p>Com um aroma \u00fanico, este creme liporedutor atua na preven\u00e7\u00e3o e na diminui\u00e7\u00e3o do efeito &#8220;casca de laranja&#8221;, proporcionando um eficaz tratamento cosm\u00e9tico da celulite, com excelentes resultados adelga\u00e7antes.<\/p>\n<p>Embalagem: 250 ml | 8.4 fl. oz.<\/p>","protected":false},"featured_media":1494,"template":"","meta":{"site-sidebar-layout":"default","site-content-layout":"default","ast-site-content-layout":"","site-content-style":"default","site-sidebar-style":"default","ast-global-header-display":"","ast-banner-title-visibility":"","ast-main-header-display":"","ast-hfb-above-header-display":"","ast-hfb-below-header-display":"","ast-hfb-mobile-header-display":"","site-post-title":"","ast-breadcrumbs-content":"","ast-featured-img":"","footer-sml-layout":"","theme-transparent-header-meta":"default","adv-header-id-meta":"","stick-header-meta":"","header-above-stick-meta":"","header-main-stick-meta":"","header-below-stick-meta":"","astra-migrate-meta-layouts":"default","ast-page-background-enabled":"default","ast-page-background-meta":{"desktop":{"background-color":"var(--ast-global-color-4)","background-image":"","background-repeat":"repeat","background-position":"center center","background-size":"auto","background-attachment":"scroll","background-type":"","background-media":"","overlay-type":"","overlay-color":"","overlay-opacity":"","overlay-gradient":""},"tablet":{"background-color":"","background-image":"","background-repeat":"repeat","background-position":"center center","background-size":"auto","background-attachment":"scroll","background-type":"","background-media":"","overlay-type":"","overlay-color":"","overlay-opacity":"","overlay-gradient":""},"mobile":{"background-color":"","background-image":"","background-repeat":"repeat","background-position":"center center","background-size":"auto","background-attachment":"scroll","background-type":"","background-media":"","overlay-type":"","overlay-color":"","overlay-opacity":"","overlay-gradient":""}},"ast-content-background-meta":{"desktop":{"background-color":"var(--ast-global-color-5)","background-image":"","background-repeat":"repeat","background-position":"center center","background-size":"auto","background-attachment":"scroll","background-type":"","background-media":"","overlay-type":"","overlay-color":"","overlay-opacity":"","overlay-gradient":""},"tablet":{"background-color":"var(--ast-global-color-5)","background-image":"","background-repeat":"repeat","background-position":"center center","background-size":"auto","background-attachment":"scroll","background-type":"","background-media":"","overlay-type":"","overlay-color":"","overlay-opacity":"","overlay-gradient":""},"mobile":{"background-color":"var(--ast-global-color-5)","background-image":"","background-repeat":"repeat","background-position":"center center","background-size":"auto","background-attachment":"scroll","background-type":"","background-media":"","overlay-type":"","overlay-color":"","overlay-opacity":"","overlay-gradient":""}},"_themeisle_gutenberg_block_has_review":false},"product_brand":[],"product_cat":[40],"product_tag":[],"class_list":{"0":"post-1493","1":"product","2":"type-product","3":"status-publish","4":"has-post-thumbnail","6":"product_cat-linha-adelgacante","7":"desktop-align-left","8":"tablet-align-left","9":"mobile-align-left","11":"first","12":"outofstock","13":"shipping-taxable","14":"purchasable","15":"product-type-simple"},"yoast_head":"<!-- This site is optimized with the Yoast SEO plugin v27.1.1 - https:\/\/yoast.com\/product\/yoast-seo-wordpress\/ -->\n<title>Creme Chocolate Liporedutor - SPAUSA<\/title>\n<meta name=\"robots\" content=\"index, follow, max-snippet:-1, max-image-preview:large, max-video-preview:-1\" \/>\n<link rel=\"canonical\" href=\"https:\/\/www.spausa.pt\/_en\/product\/creme-chocolate-liporedutor\/\" \/>\n<meta property=\"og:locale\" content=\"en_GB\" \/>\n<meta property=\"og:type\" content=\"article\" \/>\n<meta property=\"og:title\" content=\"Creme Chocolate Liporedutor - SPAUSA\" \/>\n<meta property=\"og:description\" content=\"Com um aroma \u00fanico, este creme liporedutor atua na preven\u00e7\u00e3o e na diminui\u00e7\u00e3o do efeito &quot;casca de laranja&quot;, proporcionando um eficaz tratamento cosm\u00e9tico da celulite, com excelentes resultados adelga\u00e7antes.  Embalagem: 250 ml | 8.4 fl. oz.\" \/>\n<meta property=\"og:url\" content=\"https:\/\/www.spausa.pt\/_en\/product\/creme-chocolate-liporedutor\/\" \/>\n<meta property=\"og:site_name\" content=\"SPAUSA\" \/>\n<meta property=\"article:publisher\" content=\"https:\/\/www.facebook.com\/spausa.pt\" \/>\n<meta property=\"article:modified_time\" content=\"2024-08-08T11:38:22+00:00\" \/>\n<meta property=\"og:image\" content=\"https:\/\/www.spausa.pt\/wp-content\/uploads\/2022\/12\/creme-chocolate-liporedutor-1000x1000-1.jpeg\" \/>\n\t<meta property=\"og:image:width\" content=\"1000\" \/>\n\t<meta property=\"og:image:height\" content=\"1000\" \/>\n\t<meta property=\"og:image:type\" content=\"image\/jpeg\" \/>\n<meta name=\"twitter:card\" content=\"summary_large_image\" \/>\n<meta name=\"twitter:label1\" content=\"Estimated reading time\" \/>\n\t<meta name=\"twitter:data1\" content=\"1 minute\" \/>\n<script type=\"application\/ld+json\" class=\"yoast-schema-graph\">{\"@context\":\"https:\/\/schema.org\",\"@graph\":[{\"@type\":\"WebPage\",\"@id\":\"https:\/\/www.spausa.pt\/product\/creme-chocolate-liporedutor\/\",\"url\":\"https:\/\/www.spausa.pt\/product\/creme-chocolate-liporedutor\/\",\"name\":\"Creme Chocolate Liporedutor - SPAUSA\",\"isPartOf\":{\"@id\":\"https:\/\/www.spausa.pt\/#website\"},\"primaryImageOfPage\":{\"@id\":\"https:\/\/www.spausa.pt\/product\/creme-chocolate-liporedutor\/#primaryimage\"},\"image\":{\"@id\":\"https:\/\/www.spausa.pt\/product\/creme-chocolate-liporedutor\/#primaryimage\"},\"thumbnailUrl\":\"https:\/\/www.spausa.pt\/wp-content\/uploads\/2022\/12\/creme-chocolate-liporedutor-1000x1000-1.jpeg\",\"datePublished\":\"2022-12-12T12:15:37+00:00\",\"dateModified\":\"2024-08-08T11:38:22+00:00\",\"breadcrumb\":{\"@id\":\"https:\/\/www.spausa.pt\/product\/creme-chocolate-liporedutor\/#breadcrumb\"},\"inLanguage\":\"en-GB\",\"potentialAction\":[{\"@type\":\"ReadAction\",\"target\":[\"https:\/\/www.spausa.pt\/product\/creme-chocolate-liporedutor\/\"]}]},{\"@type\":\"ImageObject\",\"inLanguage\":\"en-GB\",\"@id\":\"https:\/\/www.spausa.pt\/product\/creme-chocolate-liporedutor\/#primaryimage\",\"url\":\"https:\/\/www.spausa.pt\/wp-content\/uploads\/2022\/12\/creme-chocolate-liporedutor-1000x1000-1.jpeg\",\"contentUrl\":\"https:\/\/www.spausa.pt\/wp-content\/uploads\/2022\/12\/creme-chocolate-liporedutor-1000x1000-1.jpeg\",\"width\":1000,\"height\":1000},{\"@type\":\"BreadcrumbList\",\"@id\":\"https:\/\/www.spausa.pt\/product\/creme-chocolate-liporedutor\/#breadcrumb\",\"itemListElement\":[{\"@type\":\"ListItem\",\"position\":1,\"name\":\"In\u00edcio\",\"item\":\"https:\/\/www.spausa.pt\/\"},{\"@type\":\"ListItem\",\"position\":2,\"name\":\"Shop\",\"item\":\"https:\/\/www.spausa.pt\/shop\/\"},{\"@type\":\"ListItem\",\"position\":3,\"name\":\"Creme Chocolate Liporedutor\"}]},{\"@type\":\"WebSite\",\"@id\":\"https:\/\/www.spausa.pt\/#website\",\"url\":\"https:\/\/www.spausa.pt\/\",\"name\":\"SPAUSA\",\"description\":\"Um Spa em sua Casa\",\"publisher\":{\"@id\":\"https:\/\/www.spausa.pt\/#organization\"},\"potentialAction\":[{\"@type\":\"SearchAction\",\"target\":{\"@type\":\"EntryPoint\",\"urlTemplate\":\"https:\/\/www.spausa.pt\/?s={search_term_string}\"},\"query-input\":{\"@type\":\"PropertyValueSpecification\",\"valueRequired\":true,\"valueName\":\"search_term_string\"}}],\"inLanguage\":\"en-GB\"},{\"@type\":\"Organization\",\"@id\":\"https:\/\/www.spausa.pt\/#organization\",\"name\":\"SPAUSA\",\"url\":\"https:\/\/www.spausa.pt\/\",\"logo\":{\"@type\":\"ImageObject\",\"inLanguage\":\"en-GB\",\"@id\":\"https:\/\/www.spausa.pt\/#\/schema\/logo\/image\/\",\"url\":\"https:\/\/www.spausa.pt\/wp-content\/uploads\/2022\/12\/cropped-LOGO-PRETO.png\",\"contentUrl\":\"https:\/\/www.spausa.pt\/wp-content\/uploads\/2022\/12\/cropped-LOGO-PRETO.png\",\"width\":2484,\"height\":762,\"caption\":\"SPAUSA\"},\"image\":{\"@id\":\"https:\/\/www.spausa.pt\/#\/schema\/logo\/image\/\"},\"sameAs\":[\"https:\/\/www.facebook.com\/spausa.pt\",\"https:\/\/www.instagram.com\/spausaportugal\/\",\"https:\/\/www.linkedin.com\/company\/spausalda\/\"]}]}<\/script>\n<!-- \/ Yoast SEO plugin. -->","yoast_head_json":{"title":"Creme Chocolate Liporedutor - SPAUSA","robots":{"index":"index","follow":"follow","max-snippet":"max-snippet:-1","max-image-preview":"max-image-preview:large","max-video-preview":"max-video-preview:-1"},"canonical":"https:\/\/www.spausa.pt\/_en\/product\/creme-chocolate-liporedutor\/","og_locale":"en_GB","og_type":"article","og_title":"Creme Chocolate Liporedutor - SPAUSA","og_description":"Com um aroma \u00fanico, este creme liporedutor atua na preven\u00e7\u00e3o e na diminui\u00e7\u00e3o do efeito \"casca de laranja\", proporcionando um eficaz tratamento cosm\u00e9tico da celulite, com excelentes resultados adelga\u00e7antes.  Embalagem: 250 ml | 8.4 fl. oz.","og_url":"https:\/\/www.spausa.pt\/_en\/product\/creme-chocolate-liporedutor\/","og_site_name":"SPAUSA","article_publisher":"https:\/\/www.facebook.com\/spausa.pt","article_modified_time":"2024-08-08T11:38:22+00:00","og_image":[{"width":1000,"height":1000,"url":"https:\/\/www.spausa.pt\/wp-content\/uploads\/2022\/12\/creme-chocolate-liporedutor-1000x1000-1.jpeg","type":"image\/jpeg"}],"twitter_card":"summary_large_image","twitter_misc":{"Estimated reading time":"1 minute"},"schema":{"@context":"https:\/\/schema.org","@graph":[{"@type":"WebPage","@id":"https:\/\/www.spausa.pt\/product\/creme-chocolate-liporedutor\/","url":"https:\/\/www.spausa.pt\/product\/creme-chocolate-liporedutor\/","name":"Creme Chocolate Liporedutor - SPAUSA","isPartOf":{"@id":"https:\/\/www.spausa.pt\/#website"},"primaryImageOfPage":{"@id":"https:\/\/www.spausa.pt\/product\/creme-chocolate-liporedutor\/#primaryimage"},"image":{"@id":"https:\/\/www.spausa.pt\/product\/creme-chocolate-liporedutor\/#primaryimage"},"thumbnailUrl":"https:\/\/www.spausa.pt\/wp-content\/uploads\/2022\/12\/creme-chocolate-liporedutor-1000x1000-1.jpeg","datePublished":"2022-12-12T12:15:37+00:00","dateModified":"2024-08-08T11:38:22+00:00","breadcrumb":{"@id":"https:\/\/www.spausa.pt\/product\/creme-chocolate-liporedutor\/#breadcrumb"},"inLanguage":"en-GB","potentialAction":[{"@type":"ReadAction","target":["https:\/\/www.spausa.pt\/product\/creme-chocolate-liporedutor\/"]}]},{"@type":"ImageObject","inLanguage":"en-GB","@id":"https:\/\/www.spausa.pt\/product\/creme-chocolate-liporedutor\/#primaryimage","url":"https:\/\/www.spausa.pt\/wp-content\/uploads\/2022\/12\/creme-chocolate-liporedutor-1000x1000-1.jpeg","contentUrl":"https:\/\/www.spausa.pt\/wp-content\/uploads\/2022\/12\/creme-chocolate-liporedutor-1000x1000-1.jpeg","width":1000,"height":1000},{"@type":"BreadcrumbList","@id":"https:\/\/www.spausa.pt\/product\/creme-chocolate-liporedutor\/#breadcrumb","itemListElement":[{"@type":"ListItem","position":1,"name":"In\u00edcio","item":"https:\/\/www.spausa.pt\/"},{"@type":"ListItem","position":2,"name":"Shop","item":"https:\/\/www.spausa.pt\/shop\/"},{"@type":"ListItem","position":3,"name":"Creme Chocolate Liporedutor"}]},{"@type":"WebSite","@id":"https:\/\/www.spausa.pt\/#website","url":"https:\/\/www.spausa.pt\/","name":"SPAUSA","description":"Um Spa em sua Casa","publisher":{"@id":"https:\/\/www.spausa.pt\/#organization"},"potentialAction":[{"@type":"SearchAction","target":{"@type":"EntryPoint","urlTemplate":"https:\/\/www.spausa.pt\/?s={search_term_string}"},"query-input":{"@type":"PropertyValueSpecification","valueRequired":true,"valueName":"search_term_string"}}],"inLanguage":"en-GB"},{"@type":"Organization","@id":"https:\/\/www.spausa.pt\/#organization","name":"SPAUSA","url":"https:\/\/www.spausa.pt\/","logo":{"@type":"ImageObject","inLanguage":"en-GB","@id":"https:\/\/www.spausa.pt\/#\/schema\/logo\/image\/","url":"https:\/\/www.spausa.pt\/wp-content\/uploads\/2022\/12\/cropped-LOGO-PRETO.png","contentUrl":"https:\/\/www.spausa.pt\/wp-content\/uploads\/2022\/12\/cropped-LOGO-PRETO.png","width":2484,"height":762,"caption":"SPAUSA"},"image":{"@id":"https:\/\/www.spausa.pt\/#\/schema\/logo\/image\/"},"sameAs":["https:\/\/www.facebook.com\/spausa.pt","https:\/\/www.instagram.com\/spausaportugal\/","https:\/\/www.linkedin.com\/company\/spausalda\/"]}]}},"_links":{"self":[{"href":"https:\/\/www.spausa.pt\/_en\/wp-json\/wp\/v2\/product\/1493","targetHints":{"allow":["GET"]}}],"collection":[{"href":"https:\/\/www.spausa.pt\/_en\/wp-json\/wp\/v2\/product"}],"about":[{"href":"https:\/\/www.spausa.pt\/_en\/wp-json\/wp\/v2\/types\/product"}],"wp:featuredmedia":[{"embeddable":true,"href":"https:\/\/www.spausa.pt\/_en\/wp-json\/wp\/v2\/media\/1494"}],"wp:attachment":[{"href":"https:\/\/www.spausa.pt\/_en\/wp-json\/wp\/v2\/media?parent=1493"}],"wp:term":[{"taxonomy":"product_brand","embeddable":true,"href":"https:\/\/www.spausa.pt\/_en\/wp-json\/wp\/v2\/product_brand?post=1493"},{"taxonomy":"product_cat","embeddable":true,"href":"https:\/\/www.spausa.pt\/_en\/wp-json\/wp\/v2\/product_cat?post=1493"},{"taxonomy":"product_tag","embeddable":true,"href":"https:\/\/www.spausa.pt\/_en\/wp-json\/wp\/v2\/product_tag?post=1493"}],"curies":[{"name":"wp","href":"https:\/\/api.w.org\/{rel}","templated":true}]}}