{"id":1489,"date":"2022-12-12T12:12:03","date_gmt":"2022-12-12T12:12:03","guid":{"rendered":"https:\/\/www.spausa.pt\/?post_type=product&#038;p=1489"},"modified":"2025-07-31T12:08:52","modified_gmt":"2025-07-31T12:08:52","slug":"oleo-vinoterapia","status":"publish","type":"product","link":"https:\/\/www.spausa.pt\/_en\/product\/oleo-vinoterapia\/","title":{"rendered":"Vinotherapy Oil"},"content":{"rendered":"<p><strong>Principais Benef\u00edcios<\/strong><\/p>\n<p style=\"font-weight: 400;\">Pele nutrida, flex\u00edvel e revitalizada.<\/p>\n<p style=\"font-weight: 400;\">&#8211; Revitaliza e hidrata a pele, com efeito refrescante.<br \/>\n&#8211; Promove a elasticidade cut\u00e2nea, protegendo-a contra o envelhecimento e as agress\u00f5es do meio ambiente.<br \/>\n&#8211; F\u00f3rmula 100% natural, enriquecida com \u00f3leos vegetais e essenciais.<\/p>\n<p><strong>Actives<\/strong><\/p>\n<p style=\"font-weight: 400;\">\u00d3leo de Grainha de\u00a0Uva, \u00d3leo de Oliva, \u00d3leos Essenciais de S\u00e2ndalo, Ger\u00e2nio, Alecrim, Hortel\u00e3-Pimenta, Cipreste e S\u00e1lvia.<\/p>\n<p>Sem parabenos,\u00a0Sem \u00f3leos minerais,\u00a0Sem silicones.<\/p>\n<p><strong>Aplica\u00e7\u00e3o<\/strong><\/p>\n<ol>\n<li style=\"font-weight: 400;\">Aplicar diariamente o \u00d3leo Vinoterapia em todo o corpo, sobre a pele seca ou h\u00famida.<\/li>\n<li style=\"font-weight: 400;\">Massajar suavemente, incidindo nas zonas mais cr\u00edticas.<\/li>\n<li style=\"font-weight: 400;\">Deixar absorver por completo.<\/li>\n<\/ol>\n<p><span style=\"font-size: 16px;\">Excelente \u00f3leo para uma massagem revitalizante e rejuvenescedora.<\/span><\/p>\n<p><img decoding=\"async\" class=\"size-medium wp-image-1490 aligncenter\" src=\"https:\/\/www.spausa.pt\/wp-content\/uploads\/2022\/12\/Imagem3-1-300x111.jpg\" alt=\"\" width=\"300\" height=\"111\" srcset=\"https:\/\/www.spausa.pt\/wp-content\/uploads\/2022\/12\/Imagem3-1-300x111.jpg 300w, https:\/\/www.spausa.pt\/wp-content\/uploads\/2022\/12\/Imagem3-1-1024x379.jpg 1024w, https:\/\/www.spausa.pt\/wp-content\/uploads\/2022\/12\/Imagem3-1-768x284.jpg 768w, https:\/\/www.spausa.pt\/wp-content\/uploads\/2022\/12\/Imagem3-1-1536x569.jpg 1536w, https:\/\/www.spausa.pt\/wp-content\/uploads\/2022\/12\/Imagem3-1-600x222.jpg 600w, https:\/\/www.spausa.pt\/wp-content\/uploads\/2022\/12\/Imagem3-1.jpg 1674w\" sizes=\"(max-width: 300px) 100vw, 300px\" \/><strong><span style=\"font-size: 16px;\">Complementares<\/span><\/strong><\/p>\n<p style=\"font-weight: 400;\">Para uma pele mais suave e uniforme poder\u00e1 realizar uma esfolia\u00e7\u00e3o por semana, utilizando um esfoliante corporal da cole\u00e7\u00e3o SPAUSA.<\/p>\n<p>Sugest\u00f5es:<br \/>\nGel Esfoliante Vinoterapia\u00a0|\u00a0Esfoliante Chocolate &amp; \u00d3leos Amaz\u00f3nicos<\/p>","protected":false},"excerpt":{"rendered":"<p>\u00d3leo refrescante 100% natural, composto pelos mais nutritivos ingredientes com poderosas propriedades antioxidantes.<br \/>\nUma intensa hidrata\u00e7\u00e3o da pele numa a\u00e7\u00e3o reafirmante e energizante, proporcionando um verdadeiro bem-estar corporal.<\/p>\n<p>Embalagem: 150 ml | 4.2 fl. oz.<\/p>","protected":false},"featured_media":3203,"template":"","meta":{"site-sidebar-layout":"default","site-content-layout":"default","ast-site-content-layout":"","site-content-style":"default","site-sidebar-style":"default","ast-global-header-display":"","ast-banner-title-visibility":"","ast-main-header-display":"","ast-hfb-above-header-display":"","ast-hfb-below-header-display":"","ast-hfb-mobile-header-display":"","site-post-title":"","ast-breadcrumbs-content":"","ast-featured-img":"","footer-sml-layout":"","theme-transparent-header-meta":"default","adv-header-id-meta":"","stick-header-meta":"","header-above-stick-meta":"","header-main-stick-meta":"","header-below-stick-meta":"","astra-migrate-meta-layouts":"default","ast-page-background-enabled":"default","ast-page-background-meta":{"desktop":{"background-color":"var(--ast-global-color-4)","background-image":"","background-repeat":"repeat","background-position":"center center","background-size":"auto","background-attachment":"scroll","background-type":"","background-media":"","overlay-type":"","overlay-color":"","overlay-opacity":"","overlay-gradient":""},"tablet":{"background-color":"","background-image":"","background-repeat":"repeat","background-position":"center center","background-size":"auto","background-attachment":"scroll","background-type":"","background-media":"","overlay-type":"","overlay-color":"","overlay-opacity":"","overlay-gradient":""},"mobile":{"background-color":"","background-image":"","background-repeat":"repeat","background-position":"center center","background-size":"auto","background-attachment":"scroll","background-type":"","background-media":"","overlay-type":"","overlay-color":"","overlay-opacity":"","overlay-gradient":""}},"ast-content-background-meta":{"desktop":{"background-color":"var(--ast-global-color-5)","background-image":"","background-repeat":"repeat","background-position":"center center","background-size":"auto","background-attachment":"scroll","background-type":"","background-media":"","overlay-type":"","overlay-color":"","overlay-opacity":"","overlay-gradient":""},"tablet":{"background-color":"var(--ast-global-color-5)","background-image":"","background-repeat":"repeat","background-position":"center center","background-size":"auto","background-attachment":"scroll","background-type":"","background-media":"","overlay-type":"","overlay-color":"","overlay-opacity":"","overlay-gradient":""},"mobile":{"background-color":"var(--ast-global-color-5)","background-image":"","background-repeat":"repeat","background-position":"center center","background-size":"auto","background-attachment":"scroll","background-type":"","background-media":"","overlay-type":"","overlay-color":"","overlay-opacity":"","overlay-gradient":""}},"_themeisle_gutenberg_block_has_review":false},"product_brand":[],"product_cat":[39],"product_tag":[],"class_list":{"0":"post-1489","1":"product","2":"type-product","3":"status-publish","4":"has-post-thumbnail","6":"product_cat-linha-revitalizante","7":"desktop-align-left","8":"tablet-align-left","9":"mobile-align-left","11":"first","12":"instock","13":"shipping-taxable","14":"purchasable","15":"product-type-simple"},"yoast_head":"<!-- This site is optimized with the Yoast SEO plugin v27.1.1 - https:\/\/yoast.com\/product\/yoast-seo-wordpress\/ -->\n<title>\u00d3leo Vinoterapia - SPAUSA<\/title>\n<meta name=\"robots\" content=\"index, follow, max-snippet:-1, max-image-preview:large, max-video-preview:-1\" \/>\n<link rel=\"canonical\" href=\"https:\/\/www.spausa.pt\/_en\/product\/oleo-vinoterapia\/\" \/>\n<meta property=\"og:locale\" content=\"en_GB\" \/>\n<meta property=\"og:type\" content=\"article\" \/>\n<meta property=\"og:title\" content=\"\u00d3leo Vinoterapia - SPAUSA\" \/>\n<meta property=\"og:description\" content=\"\u00d3leo refrescante 100% natural, composto pelos mais nutritivos ingredientes com poderosas propriedades antioxidantes. Uma intensa hidrata\u00e7\u00e3o da pele numa a\u00e7\u00e3o reafirmante e energizante, proporcionando um verdadeiro bem-estar corporal.  Embalagem: 150 ml | 4.2 fl. oz.\" \/>\n<meta property=\"og:url\" content=\"https:\/\/www.spausa.pt\/_en\/product\/oleo-vinoterapia\/\" \/>\n<meta property=\"og:site_name\" content=\"SPAUSA\" \/>\n<meta property=\"article:publisher\" content=\"https:\/\/www.facebook.com\/spausa.pt\" \/>\n<meta property=\"article:modified_time\" content=\"2025-07-31T12:08:52+00:00\" \/>\n<meta property=\"og:image\" content=\"https:\/\/www.spausa.pt\/wp-content\/uploads\/2022\/12\/8.png\" \/>\n\t<meta property=\"og:image:width\" content=\"1000\" \/>\n\t<meta property=\"og:image:height\" content=\"1000\" \/>\n\t<meta property=\"og:image:type\" content=\"image\/png\" \/>\n<meta name=\"twitter:card\" content=\"summary_large_image\" \/>\n<meta name=\"twitter:label1\" content=\"Estimated reading time\" \/>\n\t<meta name=\"twitter:data1\" content=\"1 minute\" \/>\n<script type=\"application\/ld+json\" class=\"yoast-schema-graph\">{\"@context\":\"https:\/\/schema.org\",\"@graph\":[{\"@type\":\"WebPage\",\"@id\":\"https:\/\/www.spausa.pt\/product\/oleo-vinoterapia\/\",\"url\":\"https:\/\/www.spausa.pt\/product\/oleo-vinoterapia\/\",\"name\":\"\u00d3leo Vinoterapia - SPAUSA\",\"isPartOf\":{\"@id\":\"https:\/\/www.spausa.pt\/#website\"},\"primaryImageOfPage\":{\"@id\":\"https:\/\/www.spausa.pt\/product\/oleo-vinoterapia\/#primaryimage\"},\"image\":{\"@id\":\"https:\/\/www.spausa.pt\/product\/oleo-vinoterapia\/#primaryimage\"},\"thumbnailUrl\":\"https:\/\/www.spausa.pt\/wp-content\/uploads\/2022\/12\/8.png\",\"datePublished\":\"2022-12-12T12:12:03+00:00\",\"dateModified\":\"2025-07-31T12:08:52+00:00\",\"breadcrumb\":{\"@id\":\"https:\/\/www.spausa.pt\/product\/oleo-vinoterapia\/#breadcrumb\"},\"inLanguage\":\"en-GB\",\"potentialAction\":[{\"@type\":\"ReadAction\",\"target\":[\"https:\/\/www.spausa.pt\/product\/oleo-vinoterapia\/\"]}]},{\"@type\":\"ImageObject\",\"inLanguage\":\"en-GB\",\"@id\":\"https:\/\/www.spausa.pt\/product\/oleo-vinoterapia\/#primaryimage\",\"url\":\"https:\/\/www.spausa.pt\/wp-content\/uploads\/2022\/12\/8.png\",\"contentUrl\":\"https:\/\/www.spausa.pt\/wp-content\/uploads\/2022\/12\/8.png\",\"width\":1000,\"height\":1000},{\"@type\":\"BreadcrumbList\",\"@id\":\"https:\/\/www.spausa.pt\/product\/oleo-vinoterapia\/#breadcrumb\",\"itemListElement\":[{\"@type\":\"ListItem\",\"position\":1,\"name\":\"In\u00edcio\",\"item\":\"https:\/\/www.spausa.pt\/\"},{\"@type\":\"ListItem\",\"position\":2,\"name\":\"Shop\",\"item\":\"https:\/\/www.spausa.pt\/shop\/\"},{\"@type\":\"ListItem\",\"position\":3,\"name\":\"\u00d3leo Vinoterapia\"}]},{\"@type\":\"WebSite\",\"@id\":\"https:\/\/www.spausa.pt\/#website\",\"url\":\"https:\/\/www.spausa.pt\/\",\"name\":\"SPAUSA\",\"description\":\"Um Spa em sua Casa\",\"publisher\":{\"@id\":\"https:\/\/www.spausa.pt\/#organization\"},\"potentialAction\":[{\"@type\":\"SearchAction\",\"target\":{\"@type\":\"EntryPoint\",\"urlTemplate\":\"https:\/\/www.spausa.pt\/?s={search_term_string}\"},\"query-input\":{\"@type\":\"PropertyValueSpecification\",\"valueRequired\":true,\"valueName\":\"search_term_string\"}}],\"inLanguage\":\"en-GB\"},{\"@type\":\"Organization\",\"@id\":\"https:\/\/www.spausa.pt\/#organization\",\"name\":\"SPAUSA\",\"url\":\"https:\/\/www.spausa.pt\/\",\"logo\":{\"@type\":\"ImageObject\",\"inLanguage\":\"en-GB\",\"@id\":\"https:\/\/www.spausa.pt\/#\/schema\/logo\/image\/\",\"url\":\"https:\/\/www.spausa.pt\/wp-content\/uploads\/2022\/12\/cropped-LOGO-PRETO.png\",\"contentUrl\":\"https:\/\/www.spausa.pt\/wp-content\/uploads\/2022\/12\/cropped-LOGO-PRETO.png\",\"width\":2484,\"height\":762,\"caption\":\"SPAUSA\"},\"image\":{\"@id\":\"https:\/\/www.spausa.pt\/#\/schema\/logo\/image\/\"},\"sameAs\":[\"https:\/\/www.facebook.com\/spausa.pt\",\"https:\/\/www.instagram.com\/spausaportugal\/\",\"https:\/\/www.linkedin.com\/company\/spausalda\/\"]}]}<\/script>\n<!-- \/ Yoast SEO plugin. -->","yoast_head_json":{"title":"\u00d3leo Vinoterapia - SPAUSA","robots":{"index":"index","follow":"follow","max-snippet":"max-snippet:-1","max-image-preview":"max-image-preview:large","max-video-preview":"max-video-preview:-1"},"canonical":"https:\/\/www.spausa.pt\/_en\/product\/oleo-vinoterapia\/","og_locale":"en_GB","og_type":"article","og_title":"\u00d3leo Vinoterapia - SPAUSA","og_description":"\u00d3leo refrescante 100% natural, composto pelos mais nutritivos ingredientes com poderosas propriedades antioxidantes. Uma intensa hidrata\u00e7\u00e3o da pele numa a\u00e7\u00e3o reafirmante e energizante, proporcionando um verdadeiro bem-estar corporal.  Embalagem: 150 ml | 4.2 fl. oz.","og_url":"https:\/\/www.spausa.pt\/_en\/product\/oleo-vinoterapia\/","og_site_name":"SPAUSA","article_publisher":"https:\/\/www.facebook.com\/spausa.pt","article_modified_time":"2025-07-31T12:08:52+00:00","og_image":[{"width":1000,"height":1000,"url":"https:\/\/www.spausa.pt\/wp-content\/uploads\/2022\/12\/8.png","type":"image\/png"}],"twitter_card":"summary_large_image","twitter_misc":{"Estimated reading time":"1 minute"},"schema":{"@context":"https:\/\/schema.org","@graph":[{"@type":"WebPage","@id":"https:\/\/www.spausa.pt\/product\/oleo-vinoterapia\/","url":"https:\/\/www.spausa.pt\/product\/oleo-vinoterapia\/","name":"\u00d3leo Vinoterapia - SPAUSA","isPartOf":{"@id":"https:\/\/www.spausa.pt\/#website"},"primaryImageOfPage":{"@id":"https:\/\/www.spausa.pt\/product\/oleo-vinoterapia\/#primaryimage"},"image":{"@id":"https:\/\/www.spausa.pt\/product\/oleo-vinoterapia\/#primaryimage"},"thumbnailUrl":"https:\/\/www.spausa.pt\/wp-content\/uploads\/2022\/12\/8.png","datePublished":"2022-12-12T12:12:03+00:00","dateModified":"2025-07-31T12:08:52+00:00","breadcrumb":{"@id":"https:\/\/www.spausa.pt\/product\/oleo-vinoterapia\/#breadcrumb"},"inLanguage":"en-GB","potentialAction":[{"@type":"ReadAction","target":["https:\/\/www.spausa.pt\/product\/oleo-vinoterapia\/"]}]},{"@type":"ImageObject","inLanguage":"en-GB","@id":"https:\/\/www.spausa.pt\/product\/oleo-vinoterapia\/#primaryimage","url":"https:\/\/www.spausa.pt\/wp-content\/uploads\/2022\/12\/8.png","contentUrl":"https:\/\/www.spausa.pt\/wp-content\/uploads\/2022\/12\/8.png","width":1000,"height":1000},{"@type":"BreadcrumbList","@id":"https:\/\/www.spausa.pt\/product\/oleo-vinoterapia\/#breadcrumb","itemListElement":[{"@type":"ListItem","position":1,"name":"In\u00edcio","item":"https:\/\/www.spausa.pt\/"},{"@type":"ListItem","position":2,"name":"Shop","item":"https:\/\/www.spausa.pt\/shop\/"},{"@type":"ListItem","position":3,"name":"\u00d3leo Vinoterapia"}]},{"@type":"WebSite","@id":"https:\/\/www.spausa.pt\/#website","url":"https:\/\/www.spausa.pt\/","name":"SPAUSA","description":"Um Spa em sua Casa","publisher":{"@id":"https:\/\/www.spausa.pt\/#organization"},"potentialAction":[{"@type":"SearchAction","target":{"@type":"EntryPoint","urlTemplate":"https:\/\/www.spausa.pt\/?s={search_term_string}"},"query-input":{"@type":"PropertyValueSpecification","valueRequired":true,"valueName":"search_term_string"}}],"inLanguage":"en-GB"},{"@type":"Organization","@id":"https:\/\/www.spausa.pt\/#organization","name":"SPAUSA","url":"https:\/\/www.spausa.pt\/","logo":{"@type":"ImageObject","inLanguage":"en-GB","@id":"https:\/\/www.spausa.pt\/#\/schema\/logo\/image\/","url":"https:\/\/www.spausa.pt\/wp-content\/uploads\/2022\/12\/cropped-LOGO-PRETO.png","contentUrl":"https:\/\/www.spausa.pt\/wp-content\/uploads\/2022\/12\/cropped-LOGO-PRETO.png","width":2484,"height":762,"caption":"SPAUSA"},"image":{"@id":"https:\/\/www.spausa.pt\/#\/schema\/logo\/image\/"},"sameAs":["https:\/\/www.facebook.com\/spausa.pt","https:\/\/www.instagram.com\/spausaportugal\/","https:\/\/www.linkedin.com\/company\/spausalda\/"]}]}},"_links":{"self":[{"href":"https:\/\/www.spausa.pt\/_en\/wp-json\/wp\/v2\/product\/1489","targetHints":{"allow":["GET"]}}],"collection":[{"href":"https:\/\/www.spausa.pt\/_en\/wp-json\/wp\/v2\/product"}],"about":[{"href":"https:\/\/www.spausa.pt\/_en\/wp-json\/wp\/v2\/types\/product"}],"wp:featuredmedia":[{"embeddable":true,"href":"https:\/\/www.spausa.pt\/_en\/wp-json\/wp\/v2\/media\/3203"}],"wp:attachment":[{"href":"https:\/\/www.spausa.pt\/_en\/wp-json\/wp\/v2\/media?parent=1489"}],"wp:term":[{"taxonomy":"product_brand","embeddable":true,"href":"https:\/\/www.spausa.pt\/_en\/wp-json\/wp\/v2\/product_brand?post=1489"},{"taxonomy":"product_cat","embeddable":true,"href":"https:\/\/www.spausa.pt\/_en\/wp-json\/wp\/v2\/product_cat?post=1489"},{"taxonomy":"product_tag","embeddable":true,"href":"https:\/\/www.spausa.pt\/_en\/wp-json\/wp\/v2\/product_tag?post=1489"}],"curies":[{"name":"wp","href":"https:\/\/api.w.org\/{rel}","templated":true}]}}