{"id":1464,"date":"2022-12-12T11:41:16","date_gmt":"2022-12-12T11:41:16","guid":{"rendered":"https:\/\/www.spausa.pt\/?post_type=product&#038;p=1464"},"modified":"2025-01-09T10:57:49","modified_gmt":"2025-01-09T10:57:49","slug":"creme-noite-ouro-sublime","status":"publish","type":"product","link":"https:\/\/www.spausa.pt\/_en\/product\/creme-noite-ouro-sublime\/","title":{"rendered":"Sublime Gold Night Cream"},"content":{"rendered":"<p><strong>Principais Benef\u00edcios<\/strong><\/p>\n<p style=\"font-weight: 400;\">Pele firme, lisa e nutrida, com um brilho acetinado.<\/p>\n<p>&#8211; Corrige as rugas at\u00e9 29%, em 30 dias* e a perda de firmeza, num s\u00f3 gesto.<br \/>\n&#8211; Nutre, ilumina e melhora a elasticidade cut\u00e2nea.<br \/>\n&#8211; Melhoria na textura da pele em cerca de 113%, mais lisa e aveludada*.<br \/>\n&#8211; Aumento da comunica\u00e7\u00e3o intercelular entre as c\u00e9lulas epid\u00e9rmicas em 91%*.<br \/>\n&#8211; Restaura os n\u00edveis e estimula a produ\u00e7\u00e3o de Colag\u00e9nio tipo I, III e IV**.<\/p>\n<p style=\"font-weight: 400;\">* efic\u00e1cia por estudos em\u00a0volunt\u00e1rias.<\/p>\n<p style=\"font-weight: 400;\">** de acordo com estudos\u00a0in vitro.<\/p>\n<p><strong>Actives<\/strong><\/p>\n<p>Ouro, P0robi\u00f3ticos, P\u00e9ptidos e Retinol, \u00d3leo Argan e Vitamina C.<\/p>\n<p>Sem parabenos,\u00a0Sem \u00f3leos minerais,\u00a0Sem silicones,\u00a0Sem sulfatos<\/p>\n<p><strong>Aplica\u00e7\u00e3o<\/strong><\/p>\n<ol>\n<li>Aplicar diariamente pequenas quantidades de Creme Ouro Sublime no rosto, pesco\u00e7o e decote, ap\u00f3s limpeza e tonifica\u00e7\u00e3o.<\/li>\n<li>Come\u00e7ar na linha do busto em dire\u00e7\u00e3o ao pesco\u00e7o e \u00e0 linha do queixo, massajando com ambas as m\u00e3os e em movimentos retos, r\u00e1pidos e alternados.<\/li>\n<li>No rosto, espalhar suavemente o creme, finalizando com movimentos diagonais no sentido ascendente.<\/li>\n<\/ol>\n<p><img decoding=\"async\" class=\"size-medium wp-image-1468 aligncenter\" src=\"https:\/\/www.spausa.pt\/wp-content\/uploads\/2022\/12\/Imagem2-1-300x111.jpg\" alt=\"\" width=\"300\" height=\"111\" srcset=\"https:\/\/www.spausa.pt\/wp-content\/uploads\/2022\/12\/Imagem2-1-300x111.jpg 300w, https:\/\/www.spausa.pt\/wp-content\/uploads\/2022\/12\/Imagem2-1-1024x379.jpg 1024w, https:\/\/www.spausa.pt\/wp-content\/uploads\/2022\/12\/Imagem2-1-768x284.jpg 768w, https:\/\/www.spausa.pt\/wp-content\/uploads\/2022\/12\/Imagem2-1-1536x569.jpg 1536w, https:\/\/www.spausa.pt\/wp-content\/uploads\/2022\/12\/Imagem2-1-600x222.jpg 600w, https:\/\/www.spausa.pt\/wp-content\/uploads\/2022\/12\/Imagem2-1.jpg 1674w\" sizes=\"(max-width: 300px) 100vw, 300px\" \/><strong>Complementares<\/strong><\/p>\n<p>Poder\u00e1 ser utilizado em combina\u00e7\u00e3o com\u00a0M\u00e1scara Ouro Sublime, para maximizar os resultados.<\/p>","protected":false},"excerpt":{"rendered":"<p>Creme de rosto anti-idade que promove a regenera\u00e7\u00e3o da pele, para uma textura mais acetinada, luminosa e firme, reduzindo visivelmente os sinais de envelhecimento.<\/p>\n<p>Embalagem: 50 ml | 1.7 fl. oz.<\/p>","protected":false},"featured_media":1465,"template":"","meta":{"site-sidebar-layout":"default","site-content-layout":"default","ast-site-content-layout":"","site-content-style":"default","site-sidebar-style":"default","ast-global-header-display":"","ast-banner-title-visibility":"","ast-main-header-display":"","ast-hfb-above-header-display":"","ast-hfb-below-header-display":"","ast-hfb-mobile-header-display":"","site-post-title":"","ast-breadcrumbs-content":"","ast-featured-img":"","footer-sml-layout":"","theme-transparent-header-meta":"default","adv-header-id-meta":"","stick-header-meta":"","header-above-stick-meta":"","header-main-stick-meta":"","header-below-stick-meta":"","astra-migrate-meta-layouts":"default","ast-page-background-enabled":"default","ast-page-background-meta":{"desktop":{"background-color":"var(--ast-global-color-4)","background-image":"","background-repeat":"repeat","background-position":"center center","background-size":"auto","background-attachment":"scroll","background-type":"","background-media":"","overlay-type":"","overlay-color":"","overlay-opacity":"","overlay-gradient":""},"tablet":{"background-color":"","background-image":"","background-repeat":"repeat","background-position":"center center","background-size":"auto","background-attachment":"scroll","background-type":"","background-media":"","overlay-type":"","overlay-color":"","overlay-opacity":"","overlay-gradient":""},"mobile":{"background-color":"","background-image":"","background-repeat":"repeat","background-position":"center center","background-size":"auto","background-attachment":"scroll","background-type":"","background-media":"","overlay-type":"","overlay-color":"","overlay-opacity":"","overlay-gradient":""}},"ast-content-background-meta":{"desktop":{"background-color":"var(--ast-global-color-5)","background-image":"","background-repeat":"repeat","background-position":"center center","background-size":"auto","background-attachment":"scroll","background-type":"","background-media":"","overlay-type":"","overlay-color":"","overlay-opacity":"","overlay-gradient":""},"tablet":{"background-color":"var(--ast-global-color-5)","background-image":"","background-repeat":"repeat","background-position":"center center","background-size":"auto","background-attachment":"scroll","background-type":"","background-media":"","overlay-type":"","overlay-color":"","overlay-opacity":"","overlay-gradient":""},"mobile":{"background-color":"var(--ast-global-color-5)","background-image":"","background-repeat":"repeat","background-position":"center center","background-size":"auto","background-attachment":"scroll","background-type":"","background-media":"","overlay-type":"","overlay-color":"","overlay-opacity":"","overlay-gradient":""}},"_themeisle_gutenberg_block_has_review":false},"product_brand":[],"product_cat":[38],"product_tag":[],"class_list":{"0":"post-1464","1":"product","2":"type-product","3":"status-publish","4":"has-post-thumbnail","6":"product_cat-linha-anti-idade","7":"desktop-align-left","8":"tablet-align-left","9":"mobile-align-left","11":"first","12":"instock","13":"shipping-taxable","14":"purchasable","15":"product-type-simple"},"yoast_head":"<!-- This site is optimized with the Yoast SEO plugin v27.1.1 - https:\/\/yoast.com\/product\/yoast-seo-wordpress\/ -->\n<title>Creme Noite Ouro Sublime - SPAUSA<\/title>\n<meta name=\"robots\" content=\"index, follow, max-snippet:-1, max-image-preview:large, max-video-preview:-1\" \/>\n<link rel=\"canonical\" href=\"https:\/\/www.spausa.pt\/_en\/product\/creme-noite-ouro-sublime\/\" \/>\n<meta property=\"og:locale\" content=\"en_GB\" \/>\n<meta property=\"og:type\" content=\"article\" \/>\n<meta property=\"og:title\" content=\"Creme Noite Ouro Sublime - SPAUSA\" \/>\n<meta property=\"og:description\" content=\"Creme de rosto anti-idade que promove a regenera\u00e7\u00e3o da pele, para uma textura mais acetinada, luminosa e firme, reduzindo visivelmente os sinais de envelhecimento.  Embalagem: 50 ml | 1.7 fl. oz.\" \/>\n<meta property=\"og:url\" content=\"https:\/\/www.spausa.pt\/_en\/product\/creme-noite-ouro-sublime\/\" \/>\n<meta property=\"og:site_name\" content=\"SPAUSA\" \/>\n<meta property=\"article:publisher\" content=\"https:\/\/www.facebook.com\/spausa.pt\" \/>\n<meta property=\"article:modified_time\" content=\"2025-01-09T10:57:49+00:00\" \/>\n<meta property=\"og:image\" content=\"https:\/\/www.spausa.pt\/wp-content\/uploads\/2022\/12\/creme-ouro-sublime1000x1000.jpeg\" \/>\n\t<meta property=\"og:image:width\" content=\"1000\" \/>\n\t<meta property=\"og:image:height\" content=\"1000\" \/>\n\t<meta property=\"og:image:type\" content=\"image\/jpeg\" \/>\n<meta name=\"twitter:card\" content=\"summary_large_image\" \/>\n<meta name=\"twitter:label1\" content=\"Estimated reading time\" \/>\n\t<meta name=\"twitter:data1\" content=\"2 minutes\" \/>\n<script type=\"application\/ld+json\" class=\"yoast-schema-graph\">{\"@context\":\"https:\/\/schema.org\",\"@graph\":[{\"@type\":\"WebPage\",\"@id\":\"https:\/\/www.spausa.pt\/product\/creme-noite-ouro-sublime\/\",\"url\":\"https:\/\/www.spausa.pt\/product\/creme-noite-ouro-sublime\/\",\"name\":\"Creme Noite Ouro Sublime - SPAUSA\",\"isPartOf\":{\"@id\":\"https:\/\/www.spausa.pt\/#website\"},\"primaryImageOfPage\":{\"@id\":\"https:\/\/www.spausa.pt\/product\/creme-noite-ouro-sublime\/#primaryimage\"},\"image\":{\"@id\":\"https:\/\/www.spausa.pt\/product\/creme-noite-ouro-sublime\/#primaryimage\"},\"thumbnailUrl\":\"https:\/\/www.spausa.pt\/wp-content\/uploads\/2022\/12\/creme-ouro-sublime1000x1000.jpeg\",\"datePublished\":\"2022-12-12T11:41:16+00:00\",\"dateModified\":\"2025-01-09T10:57:49+00:00\",\"breadcrumb\":{\"@id\":\"https:\/\/www.spausa.pt\/product\/creme-noite-ouro-sublime\/#breadcrumb\"},\"inLanguage\":\"en-GB\",\"potentialAction\":[{\"@type\":\"ReadAction\",\"target\":[\"https:\/\/www.spausa.pt\/product\/creme-noite-ouro-sublime\/\"]}]},{\"@type\":\"ImageObject\",\"inLanguage\":\"en-GB\",\"@id\":\"https:\/\/www.spausa.pt\/product\/creme-noite-ouro-sublime\/#primaryimage\",\"url\":\"https:\/\/www.spausa.pt\/wp-content\/uploads\/2022\/12\/creme-ouro-sublime1000x1000.jpeg\",\"contentUrl\":\"https:\/\/www.spausa.pt\/wp-content\/uploads\/2022\/12\/creme-ouro-sublime1000x1000.jpeg\",\"width\":1000,\"height\":1000},{\"@type\":\"BreadcrumbList\",\"@id\":\"https:\/\/www.spausa.pt\/product\/creme-noite-ouro-sublime\/#breadcrumb\",\"itemListElement\":[{\"@type\":\"ListItem\",\"position\":1,\"name\":\"In\u00edcio\",\"item\":\"https:\/\/www.spausa.pt\/\"},{\"@type\":\"ListItem\",\"position\":2,\"name\":\"Shop\",\"item\":\"https:\/\/www.spausa.pt\/shop\/\"},{\"@type\":\"ListItem\",\"position\":3,\"name\":\"Creme Noite Ouro Sublime\"}]},{\"@type\":\"WebSite\",\"@id\":\"https:\/\/www.spausa.pt\/#website\",\"url\":\"https:\/\/www.spausa.pt\/\",\"name\":\"SPAUSA\",\"description\":\"Um Spa em sua Casa\",\"publisher\":{\"@id\":\"https:\/\/www.spausa.pt\/#organization\"},\"potentialAction\":[{\"@type\":\"SearchAction\",\"target\":{\"@type\":\"EntryPoint\",\"urlTemplate\":\"https:\/\/www.spausa.pt\/?s={search_term_string}\"},\"query-input\":{\"@type\":\"PropertyValueSpecification\",\"valueRequired\":true,\"valueName\":\"search_term_string\"}}],\"inLanguage\":\"en-GB\"},{\"@type\":\"Organization\",\"@id\":\"https:\/\/www.spausa.pt\/#organization\",\"name\":\"SPAUSA\",\"url\":\"https:\/\/www.spausa.pt\/\",\"logo\":{\"@type\":\"ImageObject\",\"inLanguage\":\"en-GB\",\"@id\":\"https:\/\/www.spausa.pt\/#\/schema\/logo\/image\/\",\"url\":\"https:\/\/www.spausa.pt\/wp-content\/uploads\/2022\/12\/cropped-LOGO-PRETO.png\",\"contentUrl\":\"https:\/\/www.spausa.pt\/wp-content\/uploads\/2022\/12\/cropped-LOGO-PRETO.png\",\"width\":2484,\"height\":762,\"caption\":\"SPAUSA\"},\"image\":{\"@id\":\"https:\/\/www.spausa.pt\/#\/schema\/logo\/image\/\"},\"sameAs\":[\"https:\/\/www.facebook.com\/spausa.pt\",\"https:\/\/www.instagram.com\/spausaportugal\/\",\"https:\/\/www.linkedin.com\/company\/spausalda\/\"]}]}<\/script>\n<!-- \/ Yoast SEO plugin. -->","yoast_head_json":{"title":"Creme Noite Ouro Sublime - SPAUSA","robots":{"index":"index","follow":"follow","max-snippet":"max-snippet:-1","max-image-preview":"max-image-preview:large","max-video-preview":"max-video-preview:-1"},"canonical":"https:\/\/www.spausa.pt\/_en\/product\/creme-noite-ouro-sublime\/","og_locale":"en_GB","og_type":"article","og_title":"Creme Noite Ouro Sublime - SPAUSA","og_description":"Creme de rosto anti-idade que promove a regenera\u00e7\u00e3o da pele, para uma textura mais acetinada, luminosa e firme, reduzindo visivelmente os sinais de envelhecimento.  Embalagem: 50 ml | 1.7 fl. oz.","og_url":"https:\/\/www.spausa.pt\/_en\/product\/creme-noite-ouro-sublime\/","og_site_name":"SPAUSA","article_publisher":"https:\/\/www.facebook.com\/spausa.pt","article_modified_time":"2025-01-09T10:57:49+00:00","og_image":[{"width":1000,"height":1000,"url":"https:\/\/www.spausa.pt\/wp-content\/uploads\/2022\/12\/creme-ouro-sublime1000x1000.jpeg","type":"image\/jpeg"}],"twitter_card":"summary_large_image","twitter_misc":{"Estimated reading time":"2 minutes"},"schema":{"@context":"https:\/\/schema.org","@graph":[{"@type":"WebPage","@id":"https:\/\/www.spausa.pt\/product\/creme-noite-ouro-sublime\/","url":"https:\/\/www.spausa.pt\/product\/creme-noite-ouro-sublime\/","name":"Creme Noite Ouro Sublime - SPAUSA","isPartOf":{"@id":"https:\/\/www.spausa.pt\/#website"},"primaryImageOfPage":{"@id":"https:\/\/www.spausa.pt\/product\/creme-noite-ouro-sublime\/#primaryimage"},"image":{"@id":"https:\/\/www.spausa.pt\/product\/creme-noite-ouro-sublime\/#primaryimage"},"thumbnailUrl":"https:\/\/www.spausa.pt\/wp-content\/uploads\/2022\/12\/creme-ouro-sublime1000x1000.jpeg","datePublished":"2022-12-12T11:41:16+00:00","dateModified":"2025-01-09T10:57:49+00:00","breadcrumb":{"@id":"https:\/\/www.spausa.pt\/product\/creme-noite-ouro-sublime\/#breadcrumb"},"inLanguage":"en-GB","potentialAction":[{"@type":"ReadAction","target":["https:\/\/www.spausa.pt\/product\/creme-noite-ouro-sublime\/"]}]},{"@type":"ImageObject","inLanguage":"en-GB","@id":"https:\/\/www.spausa.pt\/product\/creme-noite-ouro-sublime\/#primaryimage","url":"https:\/\/www.spausa.pt\/wp-content\/uploads\/2022\/12\/creme-ouro-sublime1000x1000.jpeg","contentUrl":"https:\/\/www.spausa.pt\/wp-content\/uploads\/2022\/12\/creme-ouro-sublime1000x1000.jpeg","width":1000,"height":1000},{"@type":"BreadcrumbList","@id":"https:\/\/www.spausa.pt\/product\/creme-noite-ouro-sublime\/#breadcrumb","itemListElement":[{"@type":"ListItem","position":1,"name":"In\u00edcio","item":"https:\/\/www.spausa.pt\/"},{"@type":"ListItem","position":2,"name":"Shop","item":"https:\/\/www.spausa.pt\/shop\/"},{"@type":"ListItem","position":3,"name":"Creme Noite Ouro Sublime"}]},{"@type":"WebSite","@id":"https:\/\/www.spausa.pt\/#website","url":"https:\/\/www.spausa.pt\/","name":"SPAUSA","description":"Um Spa em sua Casa","publisher":{"@id":"https:\/\/www.spausa.pt\/#organization"},"potentialAction":[{"@type":"SearchAction","target":{"@type":"EntryPoint","urlTemplate":"https:\/\/www.spausa.pt\/?s={search_term_string}"},"query-input":{"@type":"PropertyValueSpecification","valueRequired":true,"valueName":"search_term_string"}}],"inLanguage":"en-GB"},{"@type":"Organization","@id":"https:\/\/www.spausa.pt\/#organization","name":"SPAUSA","url":"https:\/\/www.spausa.pt\/","logo":{"@type":"ImageObject","inLanguage":"en-GB","@id":"https:\/\/www.spausa.pt\/#\/schema\/logo\/image\/","url":"https:\/\/www.spausa.pt\/wp-content\/uploads\/2022\/12\/cropped-LOGO-PRETO.png","contentUrl":"https:\/\/www.spausa.pt\/wp-content\/uploads\/2022\/12\/cropped-LOGO-PRETO.png","width":2484,"height":762,"caption":"SPAUSA"},"image":{"@id":"https:\/\/www.spausa.pt\/#\/schema\/logo\/image\/"},"sameAs":["https:\/\/www.facebook.com\/spausa.pt","https:\/\/www.instagram.com\/spausaportugal\/","https:\/\/www.linkedin.com\/company\/spausalda\/"]}]}},"_links":{"self":[{"href":"https:\/\/www.spausa.pt\/_en\/wp-json\/wp\/v2\/product\/1464","targetHints":{"allow":["GET"]}}],"collection":[{"href":"https:\/\/www.spausa.pt\/_en\/wp-json\/wp\/v2\/product"}],"about":[{"href":"https:\/\/www.spausa.pt\/_en\/wp-json\/wp\/v2\/types\/product"}],"wp:featuredmedia":[{"embeddable":true,"href":"https:\/\/www.spausa.pt\/_en\/wp-json\/wp\/v2\/media\/1465"}],"wp:attachment":[{"href":"https:\/\/www.spausa.pt\/_en\/wp-json\/wp\/v2\/media?parent=1464"}],"wp:term":[{"taxonomy":"product_brand","embeddable":true,"href":"https:\/\/www.spausa.pt\/_en\/wp-json\/wp\/v2\/product_brand?post=1464"},{"taxonomy":"product_cat","embeddable":true,"href":"https:\/\/www.spausa.pt\/_en\/wp-json\/wp\/v2\/product_cat?post=1464"},{"taxonomy":"product_tag","embeddable":true,"href":"https:\/\/www.spausa.pt\/_en\/wp-json\/wp\/v2\/product_tag?post=1464"}],"curies":[{"name":"wp","href":"https:\/\/api.w.org\/{rel}","templated":true}]}}