{"id":1442,"date":"2022-12-12T10:53:57","date_gmt":"2022-12-12T10:53:57","guid":{"rendered":"https:\/\/www.spausa.pt\/?post_type=product&#038;p=1442"},"modified":"2024-12-12T21:30:19","modified_gmt":"2024-12-12T21:30:19","slug":"oleo-seco-retinol","status":"publish","type":"product","link":"https:\/\/www.spausa.pt\/_en\/product\/oleo-seco-retinol\/","title":{"rendered":"\u00d3leo Seco Retinol"},"content":{"rendered":"<p><strong>Benef\u00edcios<\/strong><\/p>\n<p style=\"font-weight: 400;\">Pele flex\u00edvel e rejuvenescida, com uma textura aveludada e brilho \u00fanico.<\/p>\n<p style=\"font-weight: 400;\">&#8211; Reduz a apar\u00eancia de rugas, linhas finas, manchas de pigmenta\u00e7\u00e3o e o tamanho dos poros.<br \/>\n&#8211; F\u00f3rmula concentrada, com a\u00e7\u00e3o antioxidante, trata os danos e previne os sinais de envelhecimento.<br \/>\n&#8211; Melhora o aspeto da pele, aumentando a sua elasticidade e humidade.<br \/>\n&#8211; Promove a renova\u00e7\u00e3o celular, a s\u00edntese de colag\u00e9nio e a regenera\u00e7\u00e3o da elastina.<\/p>\n<p><strong>\u00a0Tipo de Pele \/ Necessidade<\/strong><\/p>\n<p style=\"font-weight: 400;\">Pele com rugas, linhas finas e sinais de envelhecimento. Perda de firmeza e homogeneidade cut\u00e2nea.<\/p>\n<p style=\"font-weight: 400;\">Ao iniciar o uso de Retinol poder\u00e1 ocorrer uma ligeira irrita\u00e7\u00e3o na pele, que \u00e9 normal.<br \/>\nCome\u00e7ar com menor quantidade todos os dias durante 15 dias e em seguida, aumentar a sua utiliza\u00e7\u00e3o progressivamente.<\/p>\n<p>O Retinol poder\u00e1 funcionar melhor sem exposi\u00e7\u00e3o ao sol ou suor.<br \/>\nConsidere o seu uso \u00e0 noite ou com pelo menos 12 horas de anteced\u00eancia \u00e0 exposi\u00e7\u00e3o solar, aplicando sempre um protetor solar.<\/p>\n<p><strong>Aplica\u00e7\u00e3o<\/strong><\/p>\n<ol>\n<li>Aplicar diariamente no rosto e pesco\u00e7o, ap\u00f3s limpeza e tonifica\u00e7\u00e3o da pele.<\/li>\n<li>Massajar suavemente, sobretudo em zonas com rugas, come\u00e7ando na linha do busto, em dire\u00e7\u00e3o ao pesco\u00e7o e \u00e0 linha do queixo, com movimentos retos, r\u00e1pidos e alternados, com ambas as m\u00e3os.<\/li>\n<li>Finalizar no rosto com movimentos diagonais ascendentes.Aten\u00e7\u00e3o: Utilizar de noite ou com pelo menos 12 horas de anteced\u00eancia \u00e0 exposi\u00e7\u00e3o solar prolongada, aplicando sempre prote\u00e7\u00e3o solar.<\/li>\n<\/ol>\n<p><strong>Actives<\/strong><\/p>\n<p>Retinol puro (Vitamina A)<\/p>\n<p><strong>Complementares<\/strong><\/p>\n<p>Para potenciar o seu efeito, poder\u00e1 usar-se posteriormente o\u00a0Creme Rugas Express\u00e3o\u00a0ou o\u00a0Creme Ouro Sublime.<\/p>","protected":false},"excerpt":{"rendered":"<p style=\"font-weight: 400;\">Com reconhecidas propriedades anti-idade, esta forma natural de vitamina A estimula a divis\u00e3o celular e a regenera\u00e7\u00e3o das fibras de colag\u00e9nio e de elastina, que sustentam a pele<\/p>\n<p style=\"font-weight: 400;\">Embalagem: 30 ml <span style=\"font-size: 16px;\">| 0.7 fl. oz.<\/span><\/p>","protected":false},"featured_media":3200,"template":"","meta":{"site-sidebar-layout":"default","site-content-layout":"default","ast-site-content-layout":"","site-content-style":"default","site-sidebar-style":"default","ast-global-header-display":"","ast-banner-title-visibility":"","ast-main-header-display":"","ast-hfb-above-header-display":"","ast-hfb-below-header-display":"","ast-hfb-mobile-header-display":"","site-post-title":"","ast-breadcrumbs-content":"","ast-featured-img":"","footer-sml-layout":"","theme-transparent-header-meta":"default","adv-header-id-meta":"","stick-header-meta":"","header-above-stick-meta":"","header-main-stick-meta":"","header-below-stick-meta":"","astra-migrate-meta-layouts":"default","ast-page-background-enabled":"default","ast-page-background-meta":{"desktop":{"background-color":"var(--ast-global-color-4)","background-image":"","background-repeat":"repeat","background-position":"center center","background-size":"auto","background-attachment":"scroll","background-type":"","background-media":"","overlay-type":"","overlay-color":"","overlay-opacity":"","overlay-gradient":""},"tablet":{"background-color":"","background-image":"","background-repeat":"repeat","background-position":"center center","background-size":"auto","background-attachment":"scroll","background-type":"","background-media":"","overlay-type":"","overlay-color":"","overlay-opacity":"","overlay-gradient":""},"mobile":{"background-color":"","background-image":"","background-repeat":"repeat","background-position":"center center","background-size":"auto","background-attachment":"scroll","background-type":"","background-media":"","overlay-type":"","overlay-color":"","overlay-opacity":"","overlay-gradient":""}},"ast-content-background-meta":{"desktop":{"background-color":"var(--ast-global-color-5)","background-image":"","background-repeat":"repeat","background-position":"center center","background-size":"auto","background-attachment":"scroll","background-type":"","background-media":"","overlay-type":"","overlay-color":"","overlay-opacity":"","overlay-gradient":""},"tablet":{"background-color":"var(--ast-global-color-5)","background-image":"","background-repeat":"repeat","background-position":"center center","background-size":"auto","background-attachment":"scroll","background-type":"","background-media":"","overlay-type":"","overlay-color":"","overlay-opacity":"","overlay-gradient":""},"mobile":{"background-color":"var(--ast-global-color-5)","background-image":"","background-repeat":"repeat","background-position":"center center","background-size":"auto","background-attachment":"scroll","background-type":"","background-media":"","overlay-type":"","overlay-color":"","overlay-opacity":"","overlay-gradient":""}},"_themeisle_gutenberg_block_has_review":false},"product_brand":[],"product_cat":[37],"product_tag":[],"class_list":{"0":"post-1442","1":"product","2":"type-product","3":"status-publish","4":"has-post-thumbnail","6":"product_cat-linha-rejuvenescedora","7":"desktop-align-left","8":"tablet-align-left","9":"mobile-align-left","11":"first","12":"instock","13":"shipping-taxable","14":"purchasable","15":"product-type-simple"},"yoast_head":"<!-- This site is optimized with the Yoast SEO plugin v27.1.1 - https:\/\/yoast.com\/product\/yoast-seo-wordpress\/ -->\n<title>\u00d3leo Seco Retinol - SPAUSA<\/title>\n<meta name=\"robots\" content=\"index, follow, max-snippet:-1, max-image-preview:large, max-video-preview:-1\" \/>\n<link rel=\"canonical\" href=\"https:\/\/www.spausa.pt\/_en\/product\/oleo-seco-retinol\/\" \/>\n<meta property=\"og:locale\" content=\"en_GB\" \/>\n<meta property=\"og:type\" content=\"article\" \/>\n<meta property=\"og:title\" content=\"\u00d3leo Seco Retinol - SPAUSA\" \/>\n<meta property=\"og:description\" content=\"Com reconhecidas propriedades anti-idade, esta forma natural de vitamina A estimula a divis\u00e3o celular e a regenera\u00e7\u00e3o das fibras de colag\u00e9nio e de elastina, que sustentam a pele Embalagem: 30 ml | 0.7 fl. oz.\" \/>\n<meta property=\"og:url\" content=\"https:\/\/www.spausa.pt\/_en\/product\/oleo-seco-retinol\/\" \/>\n<meta property=\"og:site_name\" content=\"SPAUSA\" \/>\n<meta property=\"article:publisher\" content=\"https:\/\/www.facebook.com\/spausa.pt\" \/>\n<meta property=\"article:modified_time\" content=\"2024-12-12T21:30:19+00:00\" \/>\n<meta property=\"og:image\" content=\"https:\/\/www.spausa.pt\/wp-content\/uploads\/2022\/12\/5-2.png\" \/>\n\t<meta property=\"og:image:width\" content=\"1000\" \/>\n\t<meta property=\"og:image:height\" content=\"1000\" \/>\n\t<meta property=\"og:image:type\" content=\"image\/png\" \/>\n<meta name=\"twitter:card\" content=\"summary_large_image\" \/>\n<meta name=\"twitter:label1\" content=\"Estimated reading time\" \/>\n\t<meta name=\"twitter:data1\" content=\"2 minutes\" \/>\n<script type=\"application\/ld+json\" class=\"yoast-schema-graph\">{\"@context\":\"https:\/\/schema.org\",\"@graph\":[{\"@type\":\"WebPage\",\"@id\":\"https:\/\/www.spausa.pt\/product\/oleo-seco-retinol\/\",\"url\":\"https:\/\/www.spausa.pt\/product\/oleo-seco-retinol\/\",\"name\":\"\u00d3leo Seco Retinol - SPAUSA\",\"isPartOf\":{\"@id\":\"https:\/\/www.spausa.pt\/#website\"},\"primaryImageOfPage\":{\"@id\":\"https:\/\/www.spausa.pt\/product\/oleo-seco-retinol\/#primaryimage\"},\"image\":{\"@id\":\"https:\/\/www.spausa.pt\/product\/oleo-seco-retinol\/#primaryimage\"},\"thumbnailUrl\":\"https:\/\/www.spausa.pt\/wp-content\/uploads\/2022\/12\/5-2.png\",\"datePublished\":\"2022-12-12T10:53:57+00:00\",\"dateModified\":\"2024-12-12T21:30:19+00:00\",\"breadcrumb\":{\"@id\":\"https:\/\/www.spausa.pt\/product\/oleo-seco-retinol\/#breadcrumb\"},\"inLanguage\":\"en-GB\",\"potentialAction\":[{\"@type\":\"ReadAction\",\"target\":[\"https:\/\/www.spausa.pt\/product\/oleo-seco-retinol\/\"]}]},{\"@type\":\"ImageObject\",\"inLanguage\":\"en-GB\",\"@id\":\"https:\/\/www.spausa.pt\/product\/oleo-seco-retinol\/#primaryimage\",\"url\":\"https:\/\/www.spausa.pt\/wp-content\/uploads\/2022\/12\/5-2.png\",\"contentUrl\":\"https:\/\/www.spausa.pt\/wp-content\/uploads\/2022\/12\/5-2.png\",\"width\":1000,\"height\":1000},{\"@type\":\"BreadcrumbList\",\"@id\":\"https:\/\/www.spausa.pt\/product\/oleo-seco-retinol\/#breadcrumb\",\"itemListElement\":[{\"@type\":\"ListItem\",\"position\":1,\"name\":\"In\u00edcio\",\"item\":\"https:\/\/www.spausa.pt\/\"},{\"@type\":\"ListItem\",\"position\":2,\"name\":\"Shop\",\"item\":\"https:\/\/www.spausa.pt\/shop\/\"},{\"@type\":\"ListItem\",\"position\":3,\"name\":\"\u00d3leo Seco Retinol\"}]},{\"@type\":\"WebSite\",\"@id\":\"https:\/\/www.spausa.pt\/#website\",\"url\":\"https:\/\/www.spausa.pt\/\",\"name\":\"SPAUSA\",\"description\":\"Um Spa em sua Casa\",\"publisher\":{\"@id\":\"https:\/\/www.spausa.pt\/#organization\"},\"potentialAction\":[{\"@type\":\"SearchAction\",\"target\":{\"@type\":\"EntryPoint\",\"urlTemplate\":\"https:\/\/www.spausa.pt\/?s={search_term_string}\"},\"query-input\":{\"@type\":\"PropertyValueSpecification\",\"valueRequired\":true,\"valueName\":\"search_term_string\"}}],\"inLanguage\":\"en-GB\"},{\"@type\":\"Organization\",\"@id\":\"https:\/\/www.spausa.pt\/#organization\",\"name\":\"SPAUSA\",\"url\":\"https:\/\/www.spausa.pt\/\",\"logo\":{\"@type\":\"ImageObject\",\"inLanguage\":\"en-GB\",\"@id\":\"https:\/\/www.spausa.pt\/#\/schema\/logo\/image\/\",\"url\":\"https:\/\/www.spausa.pt\/wp-content\/uploads\/2022\/12\/cropped-LOGO-PRETO.png\",\"contentUrl\":\"https:\/\/www.spausa.pt\/wp-content\/uploads\/2022\/12\/cropped-LOGO-PRETO.png\",\"width\":2484,\"height\":762,\"caption\":\"SPAUSA\"},\"image\":{\"@id\":\"https:\/\/www.spausa.pt\/#\/schema\/logo\/image\/\"},\"sameAs\":[\"https:\/\/www.facebook.com\/spausa.pt\",\"https:\/\/www.instagram.com\/spausaportugal\/\",\"https:\/\/www.linkedin.com\/company\/spausalda\/\"]}]}<\/script>\n<!-- \/ Yoast SEO plugin. -->","yoast_head_json":{"title":"\u00d3leo Seco Retinol - SPAUSA","robots":{"index":"index","follow":"follow","max-snippet":"max-snippet:-1","max-image-preview":"max-image-preview:large","max-video-preview":"max-video-preview:-1"},"canonical":"https:\/\/www.spausa.pt\/_en\/product\/oleo-seco-retinol\/","og_locale":"en_GB","og_type":"article","og_title":"\u00d3leo Seco Retinol - SPAUSA","og_description":"Com reconhecidas propriedades anti-idade, esta forma natural de vitamina A estimula a divis\u00e3o celular e a regenera\u00e7\u00e3o das fibras de colag\u00e9nio e de elastina, que sustentam a pele Embalagem: 30 ml | 0.7 fl. oz.","og_url":"https:\/\/www.spausa.pt\/_en\/product\/oleo-seco-retinol\/","og_site_name":"SPAUSA","article_publisher":"https:\/\/www.facebook.com\/spausa.pt","article_modified_time":"2024-12-12T21:30:19+00:00","og_image":[{"width":1000,"height":1000,"url":"https:\/\/www.spausa.pt\/wp-content\/uploads\/2022\/12\/5-2.png","type":"image\/png"}],"twitter_card":"summary_large_image","twitter_misc":{"Estimated reading time":"2 minutes"},"schema":{"@context":"https:\/\/schema.org","@graph":[{"@type":"WebPage","@id":"https:\/\/www.spausa.pt\/product\/oleo-seco-retinol\/","url":"https:\/\/www.spausa.pt\/product\/oleo-seco-retinol\/","name":"\u00d3leo Seco Retinol - SPAUSA","isPartOf":{"@id":"https:\/\/www.spausa.pt\/#website"},"primaryImageOfPage":{"@id":"https:\/\/www.spausa.pt\/product\/oleo-seco-retinol\/#primaryimage"},"image":{"@id":"https:\/\/www.spausa.pt\/product\/oleo-seco-retinol\/#primaryimage"},"thumbnailUrl":"https:\/\/www.spausa.pt\/wp-content\/uploads\/2022\/12\/5-2.png","datePublished":"2022-12-12T10:53:57+00:00","dateModified":"2024-12-12T21:30:19+00:00","breadcrumb":{"@id":"https:\/\/www.spausa.pt\/product\/oleo-seco-retinol\/#breadcrumb"},"inLanguage":"en-GB","potentialAction":[{"@type":"ReadAction","target":["https:\/\/www.spausa.pt\/product\/oleo-seco-retinol\/"]}]},{"@type":"ImageObject","inLanguage":"en-GB","@id":"https:\/\/www.spausa.pt\/product\/oleo-seco-retinol\/#primaryimage","url":"https:\/\/www.spausa.pt\/wp-content\/uploads\/2022\/12\/5-2.png","contentUrl":"https:\/\/www.spausa.pt\/wp-content\/uploads\/2022\/12\/5-2.png","width":1000,"height":1000},{"@type":"BreadcrumbList","@id":"https:\/\/www.spausa.pt\/product\/oleo-seco-retinol\/#breadcrumb","itemListElement":[{"@type":"ListItem","position":1,"name":"In\u00edcio","item":"https:\/\/www.spausa.pt\/"},{"@type":"ListItem","position":2,"name":"Shop","item":"https:\/\/www.spausa.pt\/shop\/"},{"@type":"ListItem","position":3,"name":"\u00d3leo Seco Retinol"}]},{"@type":"WebSite","@id":"https:\/\/www.spausa.pt\/#website","url":"https:\/\/www.spausa.pt\/","name":"SPAUSA","description":"Um Spa em sua Casa","publisher":{"@id":"https:\/\/www.spausa.pt\/#organization"},"potentialAction":[{"@type":"SearchAction","target":{"@type":"EntryPoint","urlTemplate":"https:\/\/www.spausa.pt\/?s={search_term_string}"},"query-input":{"@type":"PropertyValueSpecification","valueRequired":true,"valueName":"search_term_string"}}],"inLanguage":"en-GB"},{"@type":"Organization","@id":"https:\/\/www.spausa.pt\/#organization","name":"SPAUSA","url":"https:\/\/www.spausa.pt\/","logo":{"@type":"ImageObject","inLanguage":"en-GB","@id":"https:\/\/www.spausa.pt\/#\/schema\/logo\/image\/","url":"https:\/\/www.spausa.pt\/wp-content\/uploads\/2022\/12\/cropped-LOGO-PRETO.png","contentUrl":"https:\/\/www.spausa.pt\/wp-content\/uploads\/2022\/12\/cropped-LOGO-PRETO.png","width":2484,"height":762,"caption":"SPAUSA"},"image":{"@id":"https:\/\/www.spausa.pt\/#\/schema\/logo\/image\/"},"sameAs":["https:\/\/www.facebook.com\/spausa.pt","https:\/\/www.instagram.com\/spausaportugal\/","https:\/\/www.linkedin.com\/company\/spausalda\/"]}]}},"_links":{"self":[{"href":"https:\/\/www.spausa.pt\/_en\/wp-json\/wp\/v2\/product\/1442","targetHints":{"allow":["GET"]}}],"collection":[{"href":"https:\/\/www.spausa.pt\/_en\/wp-json\/wp\/v2\/product"}],"about":[{"href":"https:\/\/www.spausa.pt\/_en\/wp-json\/wp\/v2\/types\/product"}],"wp:featuredmedia":[{"embeddable":true,"href":"https:\/\/www.spausa.pt\/_en\/wp-json\/wp\/v2\/media\/3200"}],"wp:attachment":[{"href":"https:\/\/www.spausa.pt\/_en\/wp-json\/wp\/v2\/media?parent=1442"}],"wp:term":[{"taxonomy":"product_brand","embeddable":true,"href":"https:\/\/www.spausa.pt\/_en\/wp-json\/wp\/v2\/product_brand?post=1442"},{"taxonomy":"product_cat","embeddable":true,"href":"https:\/\/www.spausa.pt\/_en\/wp-json\/wp\/v2\/product_cat?post=1442"},{"taxonomy":"product_tag","embeddable":true,"href":"https:\/\/www.spausa.pt\/_en\/wp-json\/wp\/v2\/product_tag?post=1442"}],"curies":[{"name":"wp","href":"https:\/\/api.w.org\/{rel}","templated":true}]}}