{"id":1427,"date":"2022-12-12T10:28:42","date_gmt":"2022-12-12T10:28:42","guid":{"rendered":"https:\/\/www.spausa.pt\/?post_type=product&#038;p=1427"},"modified":"2026-03-08T23:05:38","modified_gmt":"2026-03-08T23:05:38","slug":"creme-rugas-expressao","status":"publish","type":"product","link":"https:\/\/www.spausa.pt\/_en\/product\/creme-rugas-expressao\/","title":{"rendered":"Expression Wrinkles Cream"},"content":{"rendered":"<p><strong>Benef\u00edcios<\/strong><\/p>\n<p style=\"font-weight: 400;\">Pele alisada e relaxada, para um rosto rejuvenescido.<\/p>\n<p style=\"font-weight: 400;\">&#8211; Reduz a profundidade das rugas at\u00e9 63%, em 28 dias*.<br \/>\n&#8211; Combate e atenua as linhas de express\u00e3o na zona da testa, olhos, sobrancelhas, l\u00e1bios e nariz.<br \/>\n&#8211; Estimula o relaxamento muscular facial, em vez de paralisar, fazendo com que as rugas apare\u00e7am menos profundas.<br \/>\n&#8211; Seguro e menos invasivo para a pele, funciona topicamente com um mecanismo alternativo \u00e0 Toxina Botul\u00ednica.<\/p>\n<p>* efic\u00e1cia por estudos em\u00a0volunt\u00e1rias.<\/p>\n<p><img decoding=\"async\" class=\"size-medium wp-image-1424 aligncenter\" src=\"https:\/\/www.spausa.pt\/wp-content\/uploads\/2022\/12\/Imagem1-300x111.jpg\" alt=\"\" width=\"300\" height=\"111\" srcset=\"https:\/\/www.spausa.pt\/wp-content\/uploads\/2022\/12\/Imagem1-300x111.jpg 300w, https:\/\/www.spausa.pt\/wp-content\/uploads\/2022\/12\/Imagem1-1024x379.jpg 1024w, https:\/\/www.spausa.pt\/wp-content\/uploads\/2022\/12\/Imagem1-768x284.jpg 768w, https:\/\/www.spausa.pt\/wp-content\/uploads\/2022\/12\/Imagem1-1536x569.jpg 1536w, https:\/\/www.spausa.pt\/wp-content\/uploads\/2022\/12\/Imagem1-600x222.jpg 600w, https:\/\/www.spausa.pt\/wp-content\/uploads\/2022\/12\/Imagem1.jpg 1674w\" sizes=\"(max-width: 300px) 100vw, 300px\" \/><strong>Tipo de Pele \/ Necessidade<\/strong><\/p>\n<p>Todos os tipos de pele, mesmo sens\u00edveis.<\/p>\n<p style=\"font-weight: 400;\">Para peles adultas ou envelhecidas, com rugas profundas, linhas e vincos na zona da testa, contorno dos olhos (sobrancelhas e &#8220;p\u00e9s de galinha&#8221;), l\u00e1bios e nariz.<\/p>\n<p><strong>Aplica\u00e7\u00e3o<\/strong><\/p>\n<ol>\n<li>Aplicar de manh\u00e3 e\/ou \u00e0 noite uma camada fina de Creme Rugas Express\u00e3o sobre o rosto, pesco\u00e7o e decote, ap\u00f3s limpeza e tonifica\u00e7\u00e3o da pele.<\/li>\n<li>Massajar suavemente, sobretudo em zonas com rugas, come\u00e7ando na linha do busto, em dire\u00e7\u00e3o ao pesco\u00e7o e \u00e0 linha do queixo, com movimentos retos, r\u00e1pidos e alternados, com ambas as m\u00e3os.<\/li>\n<li>Finalizar no rosto com movimentos diagonais ascendentes.<\/li>\n<\/ol>\n<p><strong>Actives<\/strong><\/p>\n<p style=\"font-weight: 400;\">\u00c1cido Hialur\u00f3nico, ativos hidratantes e com efeito de \u201cfilling\u201d.<\/p>\n<p><strong>Complementares<\/strong><\/p>\n<p style=\"font-weight: 400;\">Para um completo cuidado da pele poder\u00e1 ser complementado com o\u00a0Gel Contorno Olhos\u00a0e\/ou o\u00a0Retinol Supremo.<\/p>\n<p><strong>Recomenda\u00e7\u00f5es<\/strong><\/p>\n<p style=\"font-weight: 400;\">Para uso externo. Manter fora do alcance das crian\u00e7as. Evitar o contacto com os olhos. Caso ocorra, lavar os olhos com \u00e1gua abundante. Interromper o uso se houver sinais de irrita\u00e7\u00e3o ou erup\u00e7\u00e3o. Se estiver gr\u00e1vida ou a amamentar, consulte o seu m\u00e9dico antes de usar.<\/p>","protected":false},"excerpt":{"rendered":"<p>Da intensa sinergia dos seus componentes surge esta enriquecida f\u00f3rmula para todos os tipos de pele, de textura e aroma delicados, concebida para atenuar rugas, vincos e linhas de express\u00e3o no rosto, testa, em torno dos olhos e l\u00e1bios<\/p>\n<p>Embalagem: 50 ml | 1.7 fl. oz.<\/p>","protected":false},"featured_media":1428,"template":"","meta":{"site-sidebar-layout":"default","site-content-layout":"default","ast-site-content-layout":"","site-content-style":"default","site-sidebar-style":"default","ast-global-header-display":"","ast-banner-title-visibility":"","ast-main-header-display":"","ast-hfb-above-header-display":"","ast-hfb-below-header-display":"","ast-hfb-mobile-header-display":"","site-post-title":"","ast-breadcrumbs-content":"","ast-featured-img":"","footer-sml-layout":"","theme-transparent-header-meta":"default","adv-header-id-meta":"","stick-header-meta":"","header-above-stick-meta":"","header-main-stick-meta":"","header-below-stick-meta":"","astra-migrate-meta-layouts":"default","ast-page-background-enabled":"default","ast-page-background-meta":{"desktop":{"background-color":"var(--ast-global-color-4)","background-image":"","background-repeat":"repeat","background-position":"center center","background-size":"auto","background-attachment":"scroll","background-type":"","background-media":"","overlay-type":"","overlay-color":"","overlay-opacity":"","overlay-gradient":""},"tablet":{"background-color":"","background-image":"","background-repeat":"repeat","background-position":"center center","background-size":"auto","background-attachment":"scroll","background-type":"","background-media":"","overlay-type":"","overlay-color":"","overlay-opacity":"","overlay-gradient":""},"mobile":{"background-color":"","background-image":"","background-repeat":"repeat","background-position":"center center","background-size":"auto","background-attachment":"scroll","background-type":"","background-media":"","overlay-type":"","overlay-color":"","overlay-opacity":"","overlay-gradient":""}},"ast-content-background-meta":{"desktop":{"background-color":"var(--ast-global-color-5)","background-image":"","background-repeat":"repeat","background-position":"center center","background-size":"auto","background-attachment":"scroll","background-type":"","background-media":"","overlay-type":"","overlay-color":"","overlay-opacity":"","overlay-gradient":""},"tablet":{"background-color":"var(--ast-global-color-5)","background-image":"","background-repeat":"repeat","background-position":"center center","background-size":"auto","background-attachment":"scroll","background-type":"","background-media":"","overlay-type":"","overlay-color":"","overlay-opacity":"","overlay-gradient":""},"mobile":{"background-color":"var(--ast-global-color-5)","background-image":"","background-repeat":"repeat","background-position":"center center","background-size":"auto","background-attachment":"scroll","background-type":"","background-media":"","overlay-type":"","overlay-color":"","overlay-opacity":"","overlay-gradient":""}},"_themeisle_gutenberg_block_has_review":false},"product_brand":[],"product_cat":[37],"product_tag":[],"class_list":{"0":"post-1427","1":"product","2":"type-product","3":"status-publish","4":"has-post-thumbnail","6":"product_cat-linha-rejuvenescedora","7":"desktop-align-left","8":"tablet-align-left","9":"mobile-align-left","11":"first","12":"instock","13":"shipping-taxable","14":"purchasable","15":"product-type-simple"},"yoast_head":"<!-- This site is optimized with the Yoast SEO plugin v27.1.1 - https:\/\/yoast.com\/product\/yoast-seo-wordpress\/ -->\n<title>Creme Rugas Express\u00e3o - SPAUSA<\/title>\n<meta name=\"robots\" content=\"index, follow, max-snippet:-1, max-image-preview:large, max-video-preview:-1\" \/>\n<link rel=\"canonical\" href=\"https:\/\/www.spausa.pt\/_en\/product\/creme-rugas-expressao\/\" \/>\n<meta property=\"og:locale\" content=\"en_GB\" \/>\n<meta property=\"og:type\" content=\"article\" \/>\n<meta property=\"og:title\" content=\"Creme Rugas Express\u00e3o - SPAUSA\" \/>\n<meta property=\"og:description\" content=\"Da intensa sinergia dos seus componentes surge esta enriquecida f\u00f3rmula para todos os tipos de pele, de textura e aroma delicados, concebida para atenuar rugas, vincos e linhas de express\u00e3o no rosto, testa, em torno dos olhos e l\u00e1bios  Embalagem: 50 ml | 1.7 fl. oz.\" \/>\n<meta property=\"og:url\" content=\"https:\/\/www.spausa.pt\/_en\/product\/creme-rugas-expressao\/\" \/>\n<meta property=\"og:site_name\" content=\"SPAUSA\" \/>\n<meta property=\"article:publisher\" content=\"https:\/\/www.facebook.com\/spausa.pt\" \/>\n<meta property=\"article:modified_time\" content=\"2026-03-08T23:05:38+00:00\" \/>\n<meta property=\"og:image\" content=\"https:\/\/www.spausa.pt\/wp-content\/uploads\/2022\/12\/rjvcorrectormanhasabsoluto1000x1000ptnova.jpeg\" \/>\n\t<meta property=\"og:image:width\" content=\"1000\" \/>\n\t<meta property=\"og:image:height\" content=\"1000\" \/>\n\t<meta property=\"og:image:type\" content=\"image\/jpeg\" \/>\n<meta name=\"twitter:card\" content=\"summary_large_image\" \/>\n<meta name=\"twitter:label1\" content=\"Estimated reading time\" \/>\n\t<meta name=\"twitter:data1\" content=\"1 minute\" \/>\n<script type=\"application\/ld+json\" class=\"yoast-schema-graph\">{\"@context\":\"https:\/\/schema.org\",\"@graph\":[{\"@type\":\"WebPage\",\"@id\":\"https:\/\/www.spausa.pt\/product\/creme-rugas-expressao\/\",\"url\":\"https:\/\/www.spausa.pt\/product\/creme-rugas-expressao\/\",\"name\":\"Creme Rugas Express\u00e3o - SPAUSA\",\"isPartOf\":{\"@id\":\"https:\/\/www.spausa.pt\/#website\"},\"primaryImageOfPage\":{\"@id\":\"https:\/\/www.spausa.pt\/product\/creme-rugas-expressao\/#primaryimage\"},\"image\":{\"@id\":\"https:\/\/www.spausa.pt\/product\/creme-rugas-expressao\/#primaryimage\"},\"thumbnailUrl\":\"https:\/\/www.spausa.pt\/wp-content\/uploads\/2022\/12\/rjvcorrectormanhasabsoluto1000x1000ptnova.jpeg\",\"datePublished\":\"2022-12-12T10:28:42+00:00\",\"dateModified\":\"2026-03-08T23:05:38+00:00\",\"breadcrumb\":{\"@id\":\"https:\/\/www.spausa.pt\/product\/creme-rugas-expressao\/#breadcrumb\"},\"inLanguage\":\"en-GB\",\"potentialAction\":[{\"@type\":\"ReadAction\",\"target\":[\"https:\/\/www.spausa.pt\/product\/creme-rugas-expressao\/\"]}]},{\"@type\":\"ImageObject\",\"inLanguage\":\"en-GB\",\"@id\":\"https:\/\/www.spausa.pt\/product\/creme-rugas-expressao\/#primaryimage\",\"url\":\"https:\/\/www.spausa.pt\/wp-content\/uploads\/2022\/12\/rjvcorrectormanhasabsoluto1000x1000ptnova.jpeg\",\"contentUrl\":\"https:\/\/www.spausa.pt\/wp-content\/uploads\/2022\/12\/rjvcorrectormanhasabsoluto1000x1000ptnova.jpeg\",\"width\":1000,\"height\":1000},{\"@type\":\"BreadcrumbList\",\"@id\":\"https:\/\/www.spausa.pt\/product\/creme-rugas-expressao\/#breadcrumb\",\"itemListElement\":[{\"@type\":\"ListItem\",\"position\":1,\"name\":\"In\u00edcio\",\"item\":\"https:\/\/www.spausa.pt\/\"},{\"@type\":\"ListItem\",\"position\":2,\"name\":\"Shop\",\"item\":\"https:\/\/www.spausa.pt\/shop\/\"},{\"@type\":\"ListItem\",\"position\":3,\"name\":\"Creme Rugas Express\u00e3o\"}]},{\"@type\":\"WebSite\",\"@id\":\"https:\/\/www.spausa.pt\/#website\",\"url\":\"https:\/\/www.spausa.pt\/\",\"name\":\"SPAUSA\",\"description\":\"Um Spa em sua Casa\",\"publisher\":{\"@id\":\"https:\/\/www.spausa.pt\/#organization\"},\"potentialAction\":[{\"@type\":\"SearchAction\",\"target\":{\"@type\":\"EntryPoint\",\"urlTemplate\":\"https:\/\/www.spausa.pt\/?s={search_term_string}\"},\"query-input\":{\"@type\":\"PropertyValueSpecification\",\"valueRequired\":true,\"valueName\":\"search_term_string\"}}],\"inLanguage\":\"en-GB\"},{\"@type\":\"Organization\",\"@id\":\"https:\/\/www.spausa.pt\/#organization\",\"name\":\"SPAUSA\",\"url\":\"https:\/\/www.spausa.pt\/\",\"logo\":{\"@type\":\"ImageObject\",\"inLanguage\":\"en-GB\",\"@id\":\"https:\/\/www.spausa.pt\/#\/schema\/logo\/image\/\",\"url\":\"https:\/\/www.spausa.pt\/wp-content\/uploads\/2022\/12\/cropped-LOGO-PRETO.png\",\"contentUrl\":\"https:\/\/www.spausa.pt\/wp-content\/uploads\/2022\/12\/cropped-LOGO-PRETO.png\",\"width\":2484,\"height\":762,\"caption\":\"SPAUSA\"},\"image\":{\"@id\":\"https:\/\/www.spausa.pt\/#\/schema\/logo\/image\/\"},\"sameAs\":[\"https:\/\/www.facebook.com\/spausa.pt\",\"https:\/\/www.instagram.com\/spausaportugal\/\",\"https:\/\/www.linkedin.com\/company\/spausalda\/\"]}]}<\/script>\n<!-- \/ Yoast SEO plugin. -->","yoast_head_json":{"title":"Creme Rugas Express\u00e3o - SPAUSA","robots":{"index":"index","follow":"follow","max-snippet":"max-snippet:-1","max-image-preview":"max-image-preview:large","max-video-preview":"max-video-preview:-1"},"canonical":"https:\/\/www.spausa.pt\/_en\/product\/creme-rugas-expressao\/","og_locale":"en_GB","og_type":"article","og_title":"Creme Rugas Express\u00e3o - SPAUSA","og_description":"Da intensa sinergia dos seus componentes surge esta enriquecida f\u00f3rmula para todos os tipos de pele, de textura e aroma delicados, concebida para atenuar rugas, vincos e linhas de express\u00e3o no rosto, testa, em torno dos olhos e l\u00e1bios  Embalagem: 50 ml | 1.7 fl. oz.","og_url":"https:\/\/www.spausa.pt\/_en\/product\/creme-rugas-expressao\/","og_site_name":"SPAUSA","article_publisher":"https:\/\/www.facebook.com\/spausa.pt","article_modified_time":"2026-03-08T23:05:38+00:00","og_image":[{"width":1000,"height":1000,"url":"https:\/\/www.spausa.pt\/wp-content\/uploads\/2022\/12\/rjvcorrectormanhasabsoluto1000x1000ptnova.jpeg","type":"image\/jpeg"}],"twitter_card":"summary_large_image","twitter_misc":{"Estimated reading time":"1 minute"},"schema":{"@context":"https:\/\/schema.org","@graph":[{"@type":"WebPage","@id":"https:\/\/www.spausa.pt\/product\/creme-rugas-expressao\/","url":"https:\/\/www.spausa.pt\/product\/creme-rugas-expressao\/","name":"Creme Rugas Express\u00e3o - SPAUSA","isPartOf":{"@id":"https:\/\/www.spausa.pt\/#website"},"primaryImageOfPage":{"@id":"https:\/\/www.spausa.pt\/product\/creme-rugas-expressao\/#primaryimage"},"image":{"@id":"https:\/\/www.spausa.pt\/product\/creme-rugas-expressao\/#primaryimage"},"thumbnailUrl":"https:\/\/www.spausa.pt\/wp-content\/uploads\/2022\/12\/rjvcorrectormanhasabsoluto1000x1000ptnova.jpeg","datePublished":"2022-12-12T10:28:42+00:00","dateModified":"2026-03-08T23:05:38+00:00","breadcrumb":{"@id":"https:\/\/www.spausa.pt\/product\/creme-rugas-expressao\/#breadcrumb"},"inLanguage":"en-GB","potentialAction":[{"@type":"ReadAction","target":["https:\/\/www.spausa.pt\/product\/creme-rugas-expressao\/"]}]},{"@type":"ImageObject","inLanguage":"en-GB","@id":"https:\/\/www.spausa.pt\/product\/creme-rugas-expressao\/#primaryimage","url":"https:\/\/www.spausa.pt\/wp-content\/uploads\/2022\/12\/rjvcorrectormanhasabsoluto1000x1000ptnova.jpeg","contentUrl":"https:\/\/www.spausa.pt\/wp-content\/uploads\/2022\/12\/rjvcorrectormanhasabsoluto1000x1000ptnova.jpeg","width":1000,"height":1000},{"@type":"BreadcrumbList","@id":"https:\/\/www.spausa.pt\/product\/creme-rugas-expressao\/#breadcrumb","itemListElement":[{"@type":"ListItem","position":1,"name":"In\u00edcio","item":"https:\/\/www.spausa.pt\/"},{"@type":"ListItem","position":2,"name":"Shop","item":"https:\/\/www.spausa.pt\/shop\/"},{"@type":"ListItem","position":3,"name":"Creme Rugas Express\u00e3o"}]},{"@type":"WebSite","@id":"https:\/\/www.spausa.pt\/#website","url":"https:\/\/www.spausa.pt\/","name":"SPAUSA","description":"Um Spa em sua Casa","publisher":{"@id":"https:\/\/www.spausa.pt\/#organization"},"potentialAction":[{"@type":"SearchAction","target":{"@type":"EntryPoint","urlTemplate":"https:\/\/www.spausa.pt\/?s={search_term_string}"},"query-input":{"@type":"PropertyValueSpecification","valueRequired":true,"valueName":"search_term_string"}}],"inLanguage":"en-GB"},{"@type":"Organization","@id":"https:\/\/www.spausa.pt\/#organization","name":"SPAUSA","url":"https:\/\/www.spausa.pt\/","logo":{"@type":"ImageObject","inLanguage":"en-GB","@id":"https:\/\/www.spausa.pt\/#\/schema\/logo\/image\/","url":"https:\/\/www.spausa.pt\/wp-content\/uploads\/2022\/12\/cropped-LOGO-PRETO.png","contentUrl":"https:\/\/www.spausa.pt\/wp-content\/uploads\/2022\/12\/cropped-LOGO-PRETO.png","width":2484,"height":762,"caption":"SPAUSA"},"image":{"@id":"https:\/\/www.spausa.pt\/#\/schema\/logo\/image\/"},"sameAs":["https:\/\/www.facebook.com\/spausa.pt","https:\/\/www.instagram.com\/spausaportugal\/","https:\/\/www.linkedin.com\/company\/spausalda\/"]}]}},"_links":{"self":[{"href":"https:\/\/www.spausa.pt\/_en\/wp-json\/wp\/v2\/product\/1427","targetHints":{"allow":["GET"]}}],"collection":[{"href":"https:\/\/www.spausa.pt\/_en\/wp-json\/wp\/v2\/product"}],"about":[{"href":"https:\/\/www.spausa.pt\/_en\/wp-json\/wp\/v2\/types\/product"}],"wp:featuredmedia":[{"embeddable":true,"href":"https:\/\/www.spausa.pt\/_en\/wp-json\/wp\/v2\/media\/1428"}],"wp:attachment":[{"href":"https:\/\/www.spausa.pt\/_en\/wp-json\/wp\/v2\/media?parent=1427"}],"wp:term":[{"taxonomy":"product_brand","embeddable":true,"href":"https:\/\/www.spausa.pt\/_en\/wp-json\/wp\/v2\/product_brand?post=1427"},{"taxonomy":"product_cat","embeddable":true,"href":"https:\/\/www.spausa.pt\/_en\/wp-json\/wp\/v2\/product_cat?post=1427"},{"taxonomy":"product_tag","embeddable":true,"href":"https:\/\/www.spausa.pt\/_en\/wp-json\/wp\/v2\/product_tag?post=1427"}],"curies":[{"name":"wp","href":"https:\/\/api.w.org\/{rel}","templated":true}]}}