{"id":1300,"date":"2022-12-09T13:56:49","date_gmt":"2022-12-09T13:56:49","guid":{"rendered":"https:\/\/www.spausa.pt\/?post_type=product&#038;p=1300"},"modified":"2025-03-09T19:02:51","modified_gmt":"2025-03-09T19:02:51","slug":"locao-tonica-refrescante","status":"publish","type":"product","link":"https:\/\/www.spausa.pt\/_en\/product\/locao-tonica-refrescante\/","title":{"rendered":"Refreshing Tonic Lotion"},"content":{"rendered":"<p><strong>Principais Benef\u00edcios<\/strong><\/p>\n<p style=\"font-weight: 400;\">Esta lo\u00e7\u00e3o suave combina Extratos de Pepino, Camomila e Alo\u00e9s Vera para acalmar e refrescar a pele, enquanto a Vitamina C e o Extrato de Azeitona\u00a0protegem-na contra as agress\u00f5es externas e o envelhecimento cut\u00e2neo. Pele firme, suave e poros refinados, para uma tez fresca e revigorada.<\/p>\n<p><strong>Actives<\/strong><\/p>\n<p style=\"font-weight: 400;\">Extrato de Azeitona, Vitamina C, Colag\u00e9nio Marinho, Elastina Marinha, Extratos de Ginseng, Pepino, Alo\u00e9 Vera, Camomila, Hamam\u00e9lis e \u00c1gua Termal<\/p>\n<p><strong>Aplica\u00e7\u00e3o<\/strong><\/p>\n<p style=\"font-weight: 400;\">Pode ser pulverizado diretamente sobre o rosto ou usando discos de algod\u00e3o, de manh\u00e3 e \u00e0 noite, ap\u00f3s a limpeza ou a qualquer hora do dia, para refrescar a pele.<\/p>\n<p><strong>Recomenda\u00e7\u00f5es<\/strong><\/p>\n<p style=\"font-weight: 400;\">Para uso externo. Manter fora do alcance das crian\u00e7as. Evitar o contacto com os olhos. Caso ocorra, lavar os olhos com \u00e1gua abundante. Interromper o uso se houver sinais de irrita\u00e7\u00e3o ou erup\u00e7\u00e3o. Se estiver gr\u00e1vida ou a amamentar, consulte o seu m\u00e9dico antes de usar.<\/p>","protected":false},"excerpt":{"rendered":"<p style=\"font-weight: 400;\">Esta lo\u00e7\u00e3o suave combina Extratos de Pepino, Camomila e Alo\u00e9s Vera para acalmar e refrescar a pele, enquanto a vitamina C e o Extrato de Azeitona protegem contra as agress\u00f5es externas e o envelhecimento prematuro. Pele firme e suave e poros refinados, para uma tez fresca e revigorada.<\/p>\n<p>Embalagem: 200 ml | 8.4 fl. oz.<\/p>","protected":false},"featured_media":3205,"template":"","meta":{"site-sidebar-layout":"default","site-content-layout":"default","ast-site-content-layout":"","site-content-style":"default","site-sidebar-style":"default","ast-global-header-display":"","ast-banner-title-visibility":"","ast-main-header-display":"","ast-hfb-above-header-display":"","ast-hfb-below-header-display":"","ast-hfb-mobile-header-display":"","site-post-title":"","ast-breadcrumbs-content":"","ast-featured-img":"","footer-sml-layout":"","theme-transparent-header-meta":"default","adv-header-id-meta":"","stick-header-meta":"","header-above-stick-meta":"","header-main-stick-meta":"","header-below-stick-meta":"","astra-migrate-meta-layouts":"default","ast-page-background-enabled":"default","ast-page-background-meta":{"desktop":{"background-color":"var(--ast-global-color-4)","background-image":"","background-repeat":"repeat","background-position":"center center","background-size":"auto","background-attachment":"scroll","background-type":"","background-media":"","overlay-type":"","overlay-color":"","overlay-opacity":"","overlay-gradient":""},"tablet":{"background-color":"","background-image":"","background-repeat":"repeat","background-position":"center center","background-size":"auto","background-attachment":"scroll","background-type":"","background-media":"","overlay-type":"","overlay-color":"","overlay-opacity":"","overlay-gradient":""},"mobile":{"background-color":"","background-image":"","background-repeat":"repeat","background-position":"center center","background-size":"auto","background-attachment":"scroll","background-type":"","background-media":"","overlay-type":"","overlay-color":"","overlay-opacity":"","overlay-gradient":""}},"ast-content-background-meta":{"desktop":{"background-color":"var(--ast-global-color-5)","background-image":"","background-repeat":"repeat","background-position":"center center","background-size":"auto","background-attachment":"scroll","background-type":"","background-media":"","overlay-type":"","overlay-color":"","overlay-opacity":"","overlay-gradient":""},"tablet":{"background-color":"var(--ast-global-color-5)","background-image":"","background-repeat":"repeat","background-position":"center center","background-size":"auto","background-attachment":"scroll","background-type":"","background-media":"","overlay-type":"","overlay-color":"","overlay-opacity":"","overlay-gradient":""},"mobile":{"background-color":"var(--ast-global-color-5)","background-image":"","background-repeat":"repeat","background-position":"center center","background-size":"auto","background-attachment":"scroll","background-type":"","background-media":"","overlay-type":"","overlay-color":"","overlay-opacity":"","overlay-gradient":""}},"_themeisle_gutenberg_block_has_review":false},"product_brand":[],"product_cat":[36],"product_tag":[],"class_list":{"0":"post-1300","1":"product","2":"type-product","3":"status-publish","4":"has-post-thumbnail","6":"product_cat-linha-essenciais","7":"desktop-align-left","8":"tablet-align-left","9":"mobile-align-left","11":"first","12":"instock","13":"shipping-taxable","14":"purchasable","15":"product-type-simple"},"yoast_head":"<!-- This site is optimized with the Yoast SEO plugin v27.1.1 - https:\/\/yoast.com\/product\/yoast-seo-wordpress\/ -->\n<title>Lo\u00e7\u00e3o T\u00f3nica Refrescante - SPAUSA<\/title>\n<meta name=\"robots\" content=\"index, follow, max-snippet:-1, max-image-preview:large, max-video-preview:-1\" \/>\n<link rel=\"canonical\" href=\"https:\/\/www.spausa.pt\/_en\/product\/locao-tonica-refrescante\/\" \/>\n<meta property=\"og:locale\" content=\"en_GB\" \/>\n<meta property=\"og:type\" content=\"article\" \/>\n<meta property=\"og:title\" content=\"Lo\u00e7\u00e3o T\u00f3nica Refrescante - SPAUSA\" \/>\n<meta property=\"og:description\" content=\"Esta lo\u00e7\u00e3o suave combina Extratos de Pepino, Camomila e Alo\u00e9s Vera para acalmar e refrescar a pele, enquanto a vitamina C e o Extrato de Azeitona protegem contra as agress\u00f5es externas e o envelhecimento prematuro. Pele firme e suave e poros refinados, para uma tez fresca e revigorada. Embalagem: 200 ml | 8.4 fl. oz.\" \/>\n<meta property=\"og:url\" content=\"https:\/\/www.spausa.pt\/_en\/product\/locao-tonica-refrescante\/\" \/>\n<meta property=\"og:site_name\" content=\"SPAUSA\" \/>\n<meta property=\"article:publisher\" content=\"https:\/\/www.facebook.com\/spausa.pt\" \/>\n<meta property=\"article:modified_time\" content=\"2025-03-09T19:02:51+00:00\" \/>\n<meta property=\"og:image\" content=\"https:\/\/www.spausa.pt\/wp-content\/uploads\/2022\/12\/11.png\" \/>\n\t<meta property=\"og:image:width\" content=\"1000\" \/>\n\t<meta property=\"og:image:height\" content=\"1000\" \/>\n\t<meta property=\"og:image:type\" content=\"image\/png\" \/>\n<meta name=\"twitter:card\" content=\"summary_large_image\" \/>\n<meta name=\"twitter:label1\" content=\"Estimated reading time\" \/>\n\t<meta name=\"twitter:data1\" content=\"1 minute\" \/>\n<script type=\"application\/ld+json\" class=\"yoast-schema-graph\">{\"@context\":\"https:\/\/schema.org\",\"@graph\":[{\"@type\":\"WebPage\",\"@id\":\"https:\/\/www.spausa.pt\/product\/locao-tonica-refrescante\/\",\"url\":\"https:\/\/www.spausa.pt\/product\/locao-tonica-refrescante\/\",\"name\":\"Lo\u00e7\u00e3o T\u00f3nica Refrescante - SPAUSA\",\"isPartOf\":{\"@id\":\"https:\/\/www.spausa.pt\/#website\"},\"primaryImageOfPage\":{\"@id\":\"https:\/\/www.spausa.pt\/product\/locao-tonica-refrescante\/#primaryimage\"},\"image\":{\"@id\":\"https:\/\/www.spausa.pt\/product\/locao-tonica-refrescante\/#primaryimage\"},\"thumbnailUrl\":\"https:\/\/www.spausa.pt\/wp-content\/uploads\/2022\/12\/11.png\",\"datePublished\":\"2022-12-09T13:56:49+00:00\",\"dateModified\":\"2025-03-09T19:02:51+00:00\",\"breadcrumb\":{\"@id\":\"https:\/\/www.spausa.pt\/product\/locao-tonica-refrescante\/#breadcrumb\"},\"inLanguage\":\"en-GB\",\"potentialAction\":[{\"@type\":\"ReadAction\",\"target\":[\"https:\/\/www.spausa.pt\/product\/locao-tonica-refrescante\/\"]}]},{\"@type\":\"ImageObject\",\"inLanguage\":\"en-GB\",\"@id\":\"https:\/\/www.spausa.pt\/product\/locao-tonica-refrescante\/#primaryimage\",\"url\":\"https:\/\/www.spausa.pt\/wp-content\/uploads\/2022\/12\/11.png\",\"contentUrl\":\"https:\/\/www.spausa.pt\/wp-content\/uploads\/2022\/12\/11.png\",\"width\":1000,\"height\":1000},{\"@type\":\"BreadcrumbList\",\"@id\":\"https:\/\/www.spausa.pt\/product\/locao-tonica-refrescante\/#breadcrumb\",\"itemListElement\":[{\"@type\":\"ListItem\",\"position\":1,\"name\":\"In\u00edcio\",\"item\":\"https:\/\/www.spausa.pt\/\"},{\"@type\":\"ListItem\",\"position\":2,\"name\":\"Shop\",\"item\":\"https:\/\/www.spausa.pt\/shop\/\"},{\"@type\":\"ListItem\",\"position\":3,\"name\":\"Lo\u00e7\u00e3o T\u00f3nica Refrescante\"}]},{\"@type\":\"WebSite\",\"@id\":\"https:\/\/www.spausa.pt\/#website\",\"url\":\"https:\/\/www.spausa.pt\/\",\"name\":\"SPAUSA\",\"description\":\"Um Spa em sua Casa\",\"publisher\":{\"@id\":\"https:\/\/www.spausa.pt\/#organization\"},\"potentialAction\":[{\"@type\":\"SearchAction\",\"target\":{\"@type\":\"EntryPoint\",\"urlTemplate\":\"https:\/\/www.spausa.pt\/?s={search_term_string}\"},\"query-input\":{\"@type\":\"PropertyValueSpecification\",\"valueRequired\":true,\"valueName\":\"search_term_string\"}}],\"inLanguage\":\"en-GB\"},{\"@type\":\"Organization\",\"@id\":\"https:\/\/www.spausa.pt\/#organization\",\"name\":\"SPAUSA\",\"url\":\"https:\/\/www.spausa.pt\/\",\"logo\":{\"@type\":\"ImageObject\",\"inLanguage\":\"en-GB\",\"@id\":\"https:\/\/www.spausa.pt\/#\/schema\/logo\/image\/\",\"url\":\"https:\/\/www.spausa.pt\/wp-content\/uploads\/2022\/12\/cropped-LOGO-PRETO.png\",\"contentUrl\":\"https:\/\/www.spausa.pt\/wp-content\/uploads\/2022\/12\/cropped-LOGO-PRETO.png\",\"width\":2484,\"height\":762,\"caption\":\"SPAUSA\"},\"image\":{\"@id\":\"https:\/\/www.spausa.pt\/#\/schema\/logo\/image\/\"},\"sameAs\":[\"https:\/\/www.facebook.com\/spausa.pt\",\"https:\/\/www.instagram.com\/spausaportugal\/\",\"https:\/\/www.linkedin.com\/company\/spausalda\/\"]}]}<\/script>\n<!-- \/ Yoast SEO plugin. -->","yoast_head_json":{"title":"Lo\u00e7\u00e3o T\u00f3nica Refrescante - SPAUSA","robots":{"index":"index","follow":"follow","max-snippet":"max-snippet:-1","max-image-preview":"max-image-preview:large","max-video-preview":"max-video-preview:-1"},"canonical":"https:\/\/www.spausa.pt\/_en\/product\/locao-tonica-refrescante\/","og_locale":"en_GB","og_type":"article","og_title":"Lo\u00e7\u00e3o T\u00f3nica Refrescante - SPAUSA","og_description":"Esta lo\u00e7\u00e3o suave combina Extratos de Pepino, Camomila e Alo\u00e9s Vera para acalmar e refrescar a pele, enquanto a vitamina C e o Extrato de Azeitona protegem contra as agress\u00f5es externas e o envelhecimento prematuro. Pele firme e suave e poros refinados, para uma tez fresca e revigorada. Embalagem: 200 ml | 8.4 fl. oz.","og_url":"https:\/\/www.spausa.pt\/_en\/product\/locao-tonica-refrescante\/","og_site_name":"SPAUSA","article_publisher":"https:\/\/www.facebook.com\/spausa.pt","article_modified_time":"2025-03-09T19:02:51+00:00","og_image":[{"width":1000,"height":1000,"url":"https:\/\/www.spausa.pt\/wp-content\/uploads\/2022\/12\/11.png","type":"image\/png"}],"twitter_card":"summary_large_image","twitter_misc":{"Estimated reading time":"1 minute"},"schema":{"@context":"https:\/\/schema.org","@graph":[{"@type":"WebPage","@id":"https:\/\/www.spausa.pt\/product\/locao-tonica-refrescante\/","url":"https:\/\/www.spausa.pt\/product\/locao-tonica-refrescante\/","name":"Lo\u00e7\u00e3o T\u00f3nica Refrescante - SPAUSA","isPartOf":{"@id":"https:\/\/www.spausa.pt\/#website"},"primaryImageOfPage":{"@id":"https:\/\/www.spausa.pt\/product\/locao-tonica-refrescante\/#primaryimage"},"image":{"@id":"https:\/\/www.spausa.pt\/product\/locao-tonica-refrescante\/#primaryimage"},"thumbnailUrl":"https:\/\/www.spausa.pt\/wp-content\/uploads\/2022\/12\/11.png","datePublished":"2022-12-09T13:56:49+00:00","dateModified":"2025-03-09T19:02:51+00:00","breadcrumb":{"@id":"https:\/\/www.spausa.pt\/product\/locao-tonica-refrescante\/#breadcrumb"},"inLanguage":"en-GB","potentialAction":[{"@type":"ReadAction","target":["https:\/\/www.spausa.pt\/product\/locao-tonica-refrescante\/"]}]},{"@type":"ImageObject","inLanguage":"en-GB","@id":"https:\/\/www.spausa.pt\/product\/locao-tonica-refrescante\/#primaryimage","url":"https:\/\/www.spausa.pt\/wp-content\/uploads\/2022\/12\/11.png","contentUrl":"https:\/\/www.spausa.pt\/wp-content\/uploads\/2022\/12\/11.png","width":1000,"height":1000},{"@type":"BreadcrumbList","@id":"https:\/\/www.spausa.pt\/product\/locao-tonica-refrescante\/#breadcrumb","itemListElement":[{"@type":"ListItem","position":1,"name":"In\u00edcio","item":"https:\/\/www.spausa.pt\/"},{"@type":"ListItem","position":2,"name":"Shop","item":"https:\/\/www.spausa.pt\/shop\/"},{"@type":"ListItem","position":3,"name":"Lo\u00e7\u00e3o T\u00f3nica Refrescante"}]},{"@type":"WebSite","@id":"https:\/\/www.spausa.pt\/#website","url":"https:\/\/www.spausa.pt\/","name":"SPAUSA","description":"Um Spa em sua Casa","publisher":{"@id":"https:\/\/www.spausa.pt\/#organization"},"potentialAction":[{"@type":"SearchAction","target":{"@type":"EntryPoint","urlTemplate":"https:\/\/www.spausa.pt\/?s={search_term_string}"},"query-input":{"@type":"PropertyValueSpecification","valueRequired":true,"valueName":"search_term_string"}}],"inLanguage":"en-GB"},{"@type":"Organization","@id":"https:\/\/www.spausa.pt\/#organization","name":"SPAUSA","url":"https:\/\/www.spausa.pt\/","logo":{"@type":"ImageObject","inLanguage":"en-GB","@id":"https:\/\/www.spausa.pt\/#\/schema\/logo\/image\/","url":"https:\/\/www.spausa.pt\/wp-content\/uploads\/2022\/12\/cropped-LOGO-PRETO.png","contentUrl":"https:\/\/www.spausa.pt\/wp-content\/uploads\/2022\/12\/cropped-LOGO-PRETO.png","width":2484,"height":762,"caption":"SPAUSA"},"image":{"@id":"https:\/\/www.spausa.pt\/#\/schema\/logo\/image\/"},"sameAs":["https:\/\/www.facebook.com\/spausa.pt","https:\/\/www.instagram.com\/spausaportugal\/","https:\/\/www.linkedin.com\/company\/spausalda\/"]}]}},"_links":{"self":[{"href":"https:\/\/www.spausa.pt\/_en\/wp-json\/wp\/v2\/product\/1300","targetHints":{"allow":["GET"]}}],"collection":[{"href":"https:\/\/www.spausa.pt\/_en\/wp-json\/wp\/v2\/product"}],"about":[{"href":"https:\/\/www.spausa.pt\/_en\/wp-json\/wp\/v2\/types\/product"}],"wp:featuredmedia":[{"embeddable":true,"href":"https:\/\/www.spausa.pt\/_en\/wp-json\/wp\/v2\/media\/3205"}],"wp:attachment":[{"href":"https:\/\/www.spausa.pt\/_en\/wp-json\/wp\/v2\/media?parent=1300"}],"wp:term":[{"taxonomy":"product_brand","embeddable":true,"href":"https:\/\/www.spausa.pt\/_en\/wp-json\/wp\/v2\/product_brand?post=1300"},{"taxonomy":"product_cat","embeddable":true,"href":"https:\/\/www.spausa.pt\/_en\/wp-json\/wp\/v2\/product_cat?post=1300"},{"taxonomy":"product_tag","embeddable":true,"href":"https:\/\/www.spausa.pt\/_en\/wp-json\/wp\/v2\/product_tag?post=1300"}],"curies":[{"name":"wp","href":"https:\/\/api.w.org\/{rel}","templated":true}]}}