{"id":1293,"date":"2022-12-09T13:44:19","date_gmt":"2022-12-09T13:44:19","guid":{"rendered":"https:\/\/www.spausa.pt\/?post_type=product&#038;p=1293"},"modified":"2025-03-09T19:02:51","modified_gmt":"2025-03-09T19:02:51","slug":"esfoliante-facial-suavizante","status":"publish","type":"product","link":"https:\/\/www.spausa.pt\/_en\/product\/esfoliante-facial-suavizante\/","title":{"rendered":"Soothing Facial Scrub"},"content":{"rendered":"<p><strong>Principais Benef\u00edcios<\/strong><\/p>\n<p style=\"font-weight: 400;\">A sua f\u00f3rmula combina \u00d3leo de Cal\u00eandula e Part\u00edculas Esfoliantes de Arg\u00e3o, que suavizam, hidratam e limpam a pele em profundidade, renovando a sua apar\u00eancia, com \u00c1gua Termal e Extrato de Camomila para acalmar e restabelecer a pele, Vitamina C e Extrato de Ch\u00e1 Verde, que previnem e defendem a pele das agress\u00f5es externas. Os \u00c1cidos de Frutos (AHAs) providenciam um peeling muito suave, para uma pele limpa, lisa e macia, e uma tez luminosa e aveludada.<\/p>\n<p><strong>Actives<\/strong><\/p>\n<p style=\"font-weight: 400;\">Extrato de Azeitona, Vitamina C,\u00a0\u00c1cidos de Frutos, \u00d3leo de Cal\u00eandula,\u00a0\u00d3leo de Argan, Extrato de Camomila,\u00a0Extrato de Ch\u00e1 Verde, Part\u00edculas\u00a0Exfoliantes de Argan e \u00c1gua Termal.<\/p>\n<p><strong>Aplica\u00e7\u00e3o<\/strong><\/p>\n<ol>\n<li style=\"font-weight: 400;\">Utilizar uma ou duas vezes por semana.<\/li>\n<li style=\"font-weight: 400;\">Aplicar no rosto, pesco\u00e7o e decote, em pele s\u00e3 e h\u00famida, massajando com movimentos suaves circulares.<\/li>\n<li style=\"font-weight: 400;\">Retirar com \u00e1gua t\u00e9pida e completar com o seu creme SPAUSA habitual.<\/li>\n<\/ol>\n<p><strong>Recomenda\u00e7\u00f5es<\/strong><\/p>\n<p style=\"font-weight: 400;\">Para uso externo. Manter fora do alcance das crian\u00e7as. Evitar o contacto com os olhos. Caso ocorra, lavar os olhos com \u00e1gua abundante. Interromper o uso se houver sinais de irrita\u00e7\u00e3o ou erup\u00e7\u00e3o. Se estiver gr\u00e1vida ou a amamentar, consulte o seu m\u00e9dico antes de usar.<\/p>","protected":false},"excerpt":{"rendered":"<p style=\"font-weight: 400;\">Descri\u00e7\u00e3oCreme esfoliante suave, que elimina as impurezas, c\u00e9lulas mortas e excesso de sebo da pele, enquanto revitaliza e redefine a sua textura desde a primeira aplica\u00e7\u00e3o.<\/p>\n<p style=\"font-weight: 400;\">Embalagem: 100 ml | 3.5 fl. oz.<\/p>","protected":false},"featured_media":3207,"template":"","meta":{"site-sidebar-layout":"default","site-content-layout":"default","ast-site-content-layout":"","site-content-style":"default","site-sidebar-style":"default","ast-global-header-display":"","ast-banner-title-visibility":"","ast-main-header-display":"","ast-hfb-above-header-display":"","ast-hfb-below-header-display":"","ast-hfb-mobile-header-display":"","site-post-title":"","ast-breadcrumbs-content":"","ast-featured-img":"","footer-sml-layout":"","theme-transparent-header-meta":"default","adv-header-id-meta":"","stick-header-meta":"","header-above-stick-meta":"","header-main-stick-meta":"","header-below-stick-meta":"","astra-migrate-meta-layouts":"default","ast-page-background-enabled":"default","ast-page-background-meta":{"desktop":{"background-color":"var(--ast-global-color-4)","background-image":"","background-repeat":"repeat","background-position":"center center","background-size":"auto","background-attachment":"scroll","background-type":"","background-media":"","overlay-type":"","overlay-color":"","overlay-opacity":"","overlay-gradient":""},"tablet":{"background-color":"","background-image":"","background-repeat":"repeat","background-position":"center center","background-size":"auto","background-attachment":"scroll","background-type":"","background-media":"","overlay-type":"","overlay-color":"","overlay-opacity":"","overlay-gradient":""},"mobile":{"background-color":"","background-image":"","background-repeat":"repeat","background-position":"center center","background-size":"auto","background-attachment":"scroll","background-type":"","background-media":"","overlay-type":"","overlay-color":"","overlay-opacity":"","overlay-gradient":""}},"ast-content-background-meta":{"desktop":{"background-color":"var(--ast-global-color-5)","background-image":"","background-repeat":"repeat","background-position":"center center","background-size":"auto","background-attachment":"scroll","background-type":"","background-media":"","overlay-type":"","overlay-color":"","overlay-opacity":"","overlay-gradient":""},"tablet":{"background-color":"var(--ast-global-color-5)","background-image":"","background-repeat":"repeat","background-position":"center center","background-size":"auto","background-attachment":"scroll","background-type":"","background-media":"","overlay-type":"","overlay-color":"","overlay-opacity":"","overlay-gradient":""},"mobile":{"background-color":"var(--ast-global-color-5)","background-image":"","background-repeat":"repeat","background-position":"center center","background-size":"auto","background-attachment":"scroll","background-type":"","background-media":"","overlay-type":"","overlay-color":"","overlay-opacity":"","overlay-gradient":""}},"_themeisle_gutenberg_block_has_review":false},"product_brand":[],"product_cat":[36],"product_tag":[],"class_list":{"0":"post-1293","1":"product","2":"type-product","3":"status-publish","4":"has-post-thumbnail","6":"product_cat-linha-essenciais","7":"desktop-align-left","8":"tablet-align-left","9":"mobile-align-left","11":"first","12":"instock","13":"shipping-taxable","14":"purchasable","15":"product-type-simple"},"yoast_head":"<!-- This site is optimized with the Yoast SEO plugin v27.1.1 - https:\/\/yoast.com\/product\/yoast-seo-wordpress\/ -->\n<title>Esfoliante Facial Suavizante - SPAUSA<\/title>\n<meta name=\"robots\" content=\"index, follow, max-snippet:-1, max-image-preview:large, max-video-preview:-1\" \/>\n<link rel=\"canonical\" href=\"https:\/\/www.spausa.pt\/_en\/product\/esfoliante-facial-suavizante\/\" \/>\n<meta property=\"og:locale\" content=\"en_GB\" \/>\n<meta property=\"og:type\" content=\"article\" \/>\n<meta property=\"og:title\" content=\"Esfoliante Facial Suavizante - SPAUSA\" \/>\n<meta property=\"og:description\" content=\"Descri\u00e7\u00e3oCreme esfoliante suave, que elimina as impurezas, c\u00e9lulas mortas e excesso de sebo da pele, enquanto revitaliza e redefine a sua textura desde a primeira aplica\u00e7\u00e3o. Embalagem: 100 ml | 3.5 fl. oz.\" \/>\n<meta property=\"og:url\" content=\"https:\/\/www.spausa.pt\/_en\/product\/esfoliante-facial-suavizante\/\" \/>\n<meta property=\"og:site_name\" content=\"SPAUSA\" \/>\n<meta property=\"article:publisher\" content=\"https:\/\/www.facebook.com\/spausa.pt\" \/>\n<meta property=\"article:modified_time\" content=\"2025-03-09T19:02:51+00:00\" \/>\n<meta property=\"og:image\" content=\"https:\/\/www.spausa.pt\/wp-content\/uploads\/2022\/12\/9.png\" \/>\n\t<meta property=\"og:image:width\" content=\"1000\" \/>\n\t<meta property=\"og:image:height\" content=\"1000\" \/>\n\t<meta property=\"og:image:type\" content=\"image\/png\" \/>\n<meta name=\"twitter:card\" content=\"summary_large_image\" \/>\n<meta name=\"twitter:label1\" content=\"Estimated reading time\" \/>\n\t<meta name=\"twitter:data1\" content=\"2 minutes\" \/>\n<script type=\"application\/ld+json\" class=\"yoast-schema-graph\">{\"@context\":\"https:\/\/schema.org\",\"@graph\":[{\"@type\":\"WebPage\",\"@id\":\"https:\/\/www.spausa.pt\/product\/esfoliante-facial-suavizante\/\",\"url\":\"https:\/\/www.spausa.pt\/product\/esfoliante-facial-suavizante\/\",\"name\":\"Esfoliante Facial Suavizante - SPAUSA\",\"isPartOf\":{\"@id\":\"https:\/\/www.spausa.pt\/#website\"},\"primaryImageOfPage\":{\"@id\":\"https:\/\/www.spausa.pt\/product\/esfoliante-facial-suavizante\/#primaryimage\"},\"image\":{\"@id\":\"https:\/\/www.spausa.pt\/product\/esfoliante-facial-suavizante\/#primaryimage\"},\"thumbnailUrl\":\"https:\/\/www.spausa.pt\/wp-content\/uploads\/2022\/12\/9.png\",\"datePublished\":\"2022-12-09T13:44:19+00:00\",\"dateModified\":\"2025-03-09T19:02:51+00:00\",\"breadcrumb\":{\"@id\":\"https:\/\/www.spausa.pt\/product\/esfoliante-facial-suavizante\/#breadcrumb\"},\"inLanguage\":\"en-GB\",\"potentialAction\":[{\"@type\":\"ReadAction\",\"target\":[\"https:\/\/www.spausa.pt\/product\/esfoliante-facial-suavizante\/\"]}]},{\"@type\":\"ImageObject\",\"inLanguage\":\"en-GB\",\"@id\":\"https:\/\/www.spausa.pt\/product\/esfoliante-facial-suavizante\/#primaryimage\",\"url\":\"https:\/\/www.spausa.pt\/wp-content\/uploads\/2022\/12\/9.png\",\"contentUrl\":\"https:\/\/www.spausa.pt\/wp-content\/uploads\/2022\/12\/9.png\",\"width\":1000,\"height\":1000},{\"@type\":\"BreadcrumbList\",\"@id\":\"https:\/\/www.spausa.pt\/product\/esfoliante-facial-suavizante\/#breadcrumb\",\"itemListElement\":[{\"@type\":\"ListItem\",\"position\":1,\"name\":\"In\u00edcio\",\"item\":\"https:\/\/www.spausa.pt\/\"},{\"@type\":\"ListItem\",\"position\":2,\"name\":\"Shop\",\"item\":\"https:\/\/www.spausa.pt\/shop\/\"},{\"@type\":\"ListItem\",\"position\":3,\"name\":\"Esfoliante Facial Suavizante\"}]},{\"@type\":\"WebSite\",\"@id\":\"https:\/\/www.spausa.pt\/#website\",\"url\":\"https:\/\/www.spausa.pt\/\",\"name\":\"SPAUSA\",\"description\":\"Um Spa em sua Casa\",\"publisher\":{\"@id\":\"https:\/\/www.spausa.pt\/#organization\"},\"potentialAction\":[{\"@type\":\"SearchAction\",\"target\":{\"@type\":\"EntryPoint\",\"urlTemplate\":\"https:\/\/www.spausa.pt\/?s={search_term_string}\"},\"query-input\":{\"@type\":\"PropertyValueSpecification\",\"valueRequired\":true,\"valueName\":\"search_term_string\"}}],\"inLanguage\":\"en-GB\"},{\"@type\":\"Organization\",\"@id\":\"https:\/\/www.spausa.pt\/#organization\",\"name\":\"SPAUSA\",\"url\":\"https:\/\/www.spausa.pt\/\",\"logo\":{\"@type\":\"ImageObject\",\"inLanguage\":\"en-GB\",\"@id\":\"https:\/\/www.spausa.pt\/#\/schema\/logo\/image\/\",\"url\":\"https:\/\/www.spausa.pt\/wp-content\/uploads\/2022\/12\/cropped-LOGO-PRETO.png\",\"contentUrl\":\"https:\/\/www.spausa.pt\/wp-content\/uploads\/2022\/12\/cropped-LOGO-PRETO.png\",\"width\":2484,\"height\":762,\"caption\":\"SPAUSA\"},\"image\":{\"@id\":\"https:\/\/www.spausa.pt\/#\/schema\/logo\/image\/\"},\"sameAs\":[\"https:\/\/www.facebook.com\/spausa.pt\",\"https:\/\/www.instagram.com\/spausaportugal\/\",\"https:\/\/www.linkedin.com\/company\/spausalda\/\"]}]}<\/script>\n<!-- \/ Yoast SEO plugin. -->","yoast_head_json":{"title":"Esfoliante Facial Suavizante - SPAUSA","robots":{"index":"index","follow":"follow","max-snippet":"max-snippet:-1","max-image-preview":"max-image-preview:large","max-video-preview":"max-video-preview:-1"},"canonical":"https:\/\/www.spausa.pt\/_en\/product\/esfoliante-facial-suavizante\/","og_locale":"en_GB","og_type":"article","og_title":"Esfoliante Facial Suavizante - SPAUSA","og_description":"Descri\u00e7\u00e3oCreme esfoliante suave, que elimina as impurezas, c\u00e9lulas mortas e excesso de sebo da pele, enquanto revitaliza e redefine a sua textura desde a primeira aplica\u00e7\u00e3o. Embalagem: 100 ml | 3.5 fl. oz.","og_url":"https:\/\/www.spausa.pt\/_en\/product\/esfoliante-facial-suavizante\/","og_site_name":"SPAUSA","article_publisher":"https:\/\/www.facebook.com\/spausa.pt","article_modified_time":"2025-03-09T19:02:51+00:00","og_image":[{"width":1000,"height":1000,"url":"https:\/\/www.spausa.pt\/wp-content\/uploads\/2022\/12\/9.png","type":"image\/png"}],"twitter_card":"summary_large_image","twitter_misc":{"Estimated reading time":"2 minutes"},"schema":{"@context":"https:\/\/schema.org","@graph":[{"@type":"WebPage","@id":"https:\/\/www.spausa.pt\/product\/esfoliante-facial-suavizante\/","url":"https:\/\/www.spausa.pt\/product\/esfoliante-facial-suavizante\/","name":"Esfoliante Facial Suavizante - SPAUSA","isPartOf":{"@id":"https:\/\/www.spausa.pt\/#website"},"primaryImageOfPage":{"@id":"https:\/\/www.spausa.pt\/product\/esfoliante-facial-suavizante\/#primaryimage"},"image":{"@id":"https:\/\/www.spausa.pt\/product\/esfoliante-facial-suavizante\/#primaryimage"},"thumbnailUrl":"https:\/\/www.spausa.pt\/wp-content\/uploads\/2022\/12\/9.png","datePublished":"2022-12-09T13:44:19+00:00","dateModified":"2025-03-09T19:02:51+00:00","breadcrumb":{"@id":"https:\/\/www.spausa.pt\/product\/esfoliante-facial-suavizante\/#breadcrumb"},"inLanguage":"en-GB","potentialAction":[{"@type":"ReadAction","target":["https:\/\/www.spausa.pt\/product\/esfoliante-facial-suavizante\/"]}]},{"@type":"ImageObject","inLanguage":"en-GB","@id":"https:\/\/www.spausa.pt\/product\/esfoliante-facial-suavizante\/#primaryimage","url":"https:\/\/www.spausa.pt\/wp-content\/uploads\/2022\/12\/9.png","contentUrl":"https:\/\/www.spausa.pt\/wp-content\/uploads\/2022\/12\/9.png","width":1000,"height":1000},{"@type":"BreadcrumbList","@id":"https:\/\/www.spausa.pt\/product\/esfoliante-facial-suavizante\/#breadcrumb","itemListElement":[{"@type":"ListItem","position":1,"name":"In\u00edcio","item":"https:\/\/www.spausa.pt\/"},{"@type":"ListItem","position":2,"name":"Shop","item":"https:\/\/www.spausa.pt\/shop\/"},{"@type":"ListItem","position":3,"name":"Esfoliante Facial Suavizante"}]},{"@type":"WebSite","@id":"https:\/\/www.spausa.pt\/#website","url":"https:\/\/www.spausa.pt\/","name":"SPAUSA","description":"Um Spa em sua Casa","publisher":{"@id":"https:\/\/www.spausa.pt\/#organization"},"potentialAction":[{"@type":"SearchAction","target":{"@type":"EntryPoint","urlTemplate":"https:\/\/www.spausa.pt\/?s={search_term_string}"},"query-input":{"@type":"PropertyValueSpecification","valueRequired":true,"valueName":"search_term_string"}}],"inLanguage":"en-GB"},{"@type":"Organization","@id":"https:\/\/www.spausa.pt\/#organization","name":"SPAUSA","url":"https:\/\/www.spausa.pt\/","logo":{"@type":"ImageObject","inLanguage":"en-GB","@id":"https:\/\/www.spausa.pt\/#\/schema\/logo\/image\/","url":"https:\/\/www.spausa.pt\/wp-content\/uploads\/2022\/12\/cropped-LOGO-PRETO.png","contentUrl":"https:\/\/www.spausa.pt\/wp-content\/uploads\/2022\/12\/cropped-LOGO-PRETO.png","width":2484,"height":762,"caption":"SPAUSA"},"image":{"@id":"https:\/\/www.spausa.pt\/#\/schema\/logo\/image\/"},"sameAs":["https:\/\/www.facebook.com\/spausa.pt","https:\/\/www.instagram.com\/spausaportugal\/","https:\/\/www.linkedin.com\/company\/spausalda\/"]}]}},"_links":{"self":[{"href":"https:\/\/www.spausa.pt\/_en\/wp-json\/wp\/v2\/product\/1293","targetHints":{"allow":["GET"]}}],"collection":[{"href":"https:\/\/www.spausa.pt\/_en\/wp-json\/wp\/v2\/product"}],"about":[{"href":"https:\/\/www.spausa.pt\/_en\/wp-json\/wp\/v2\/types\/product"}],"wp:featuredmedia":[{"embeddable":true,"href":"https:\/\/www.spausa.pt\/_en\/wp-json\/wp\/v2\/media\/3207"}],"wp:attachment":[{"href":"https:\/\/www.spausa.pt\/_en\/wp-json\/wp\/v2\/media?parent=1293"}],"wp:term":[{"taxonomy":"product_brand","embeddable":true,"href":"https:\/\/www.spausa.pt\/_en\/wp-json\/wp\/v2\/product_brand?post=1293"},{"taxonomy":"product_cat","embeddable":true,"href":"https:\/\/www.spausa.pt\/_en\/wp-json\/wp\/v2\/product_cat?post=1293"},{"taxonomy":"product_tag","embeddable":true,"href":"https:\/\/www.spausa.pt\/_en\/wp-json\/wp\/v2\/product_tag?post=1293"}],"curies":[{"name":"wp","href":"https:\/\/api.w.org\/{rel}","templated":true}]}}